{"id":763,"date":"2014-09-19T11:33:56","date_gmt":"2014-09-19T16:03:56","guid":{"rendered":"http:\/\/tedexis.com\/wp\/?page_id=763"},"modified":"2024-06-05T16:11:26","modified_gmt":"2024-06-05T20:11:26","slug":"productos-3","status":"publish","type":"page","link":"https:\/\/www.tedexis.com\/en\/productos-3\/","title":{"rendered":"Productos"},"content":{"rendered":"<p>[row additional_class=\u00bbadd-top add-bottom-productos productos\u00bb][highlight_box icon=\u00bbhttps:\/\/tedexis.com\/wp\/wp-content\/uploads\/2015\/06\/logo-noti-alert-150&#215;150.png\u00bb color=\u00bb#1E5796&#8243; link=\u00bb\u00bb link_title=\u00bbAlertas\u00bb ]Es un \u201chub\u201d que permite conexiones bidireccionales entre nuestra plataforma y las operadoras m\u00f3viles, utilizando diferentes m\u00e9todos para el env\u00edo y recepci\u00f3n de SMS. El env\u00edo de SMS facilita sin duda, el intercambio de informaci\u00f3n de las empresas con sus clientes, de una manera f\u00e1cil y segura. A trav\u00e9s de SMS corporativo y SMS Interactivos.[\/highlight_box][highlight_box icon=\u00bbhttps:\/\/tedexis.com\/wp\/wp-content\/uploads\/2023\/07\/Mobile-Number-Portability-270&#215;270.png\u00bb color=\u00bb#1E5796&#8243; link=\u00bb\u00bb link_title=\u00bbConocer m\u00e1s\u00bb ]El servicio de MNP (Mobile Number Portability) permite a los usuarios de telefon\u00eda m\u00f3vil mantener su n\u00famero de tel\u00e9fono al cambiar de operador de servicios m\u00f3viles. Con nuestro servicio de MNP, los clientes pueden sentirse seguros al enviar los mensajes los usuarios lo recibieron sin importar que hayan cambiado de operador. [\/highlight_box][highlight_box title=\u00bb2FA\u00bb icon=\u00bbhttps:\/\/tedexis.com\/wp\/wp-content\/uploads\/2023\/07\/Doble-Factor-de-Autenticaci\u00f3n-270&#215;270.png\u00bb color=\u00bb#1E5796&#8243; link=\u00bb\u00bb link_title=\u00bbConocer m\u00e1s\u00bb ]Doble Factor de Autenticaci\u00f3n, es un m\u00e9todo de validaci\u00f3n de dos factores que utiliza mensajes de texto (SMS) como una capa adicional de seguridad para verificar la identidad de un usuario durante el proceso de inicio de sesi\u00f3n.[\/highlight_box][\/row][row additional_class=\u00bbadd-bottom productos\u00bb][highlight_box title=\u00bbTDX Seguro\u00bb icon=\u00bbhttps:\/\/tedexis.com\/wp\/wp-content\/uploads\/2014\/09\/logo-outsourcing-150&#215;150.png\u00bb link=\u00bb\u00bb link_title=\u00bbConocer m\u00e1s\u00bb color=\u00bb#1E5796&#8243;]Ofrecemos el uso de nuestra plataforma bajo el esquema de Platform as a Service (PAAS), la cual est\u00e1 soportada por una arquitectura totalmente escalable y el\u00e1stica, que incorpora componentes alojados en la nube, dise\u00f1ada para garantizar alta disponibilidad (99.999%).[\/highlight_box][highlight_box title=\u00bbTDX Empresas\u00bb icon=\u00bbhttps:\/\/tedexis.com\/wp\/wp-content\/uploads\/2014\/09\/logo-firewall-150&#215;150.png\u00bb link=\u00bb\u00bb link_title=\u00bbConocer m\u00e1s\u00bb color=\u00bb#1E5796&#8243;]Una propuesta de valor \u00fanica para las operadoras m\u00f3viles que permite maximizar la rentabilidad del tr\u00e1fico SMS y A2P (Application to Person), basada en una plataforma inteligente y a trav\u00e9s de un modelo de negocio que no requiere ninguna inversi\u00f3n de capital.[\/highlight_box][highlight_box title=\u00bbTDX Seguro\u00bb icon=\u00bbhttps:\/\/tedexis.com\/wp\/wp-content\/uploads\/2014\/09\/logo-super-150&#215;150.png\u00bb link=\u00bb\u00bb link_title=\u00bbConocer m\u00e1s\u00bb color=\u00bb#1E5796&#8243;]Nuestra propuesta de Super-Agregador de SMS est\u00e1 construida sobre una robusta arquitectura de enrutamiento y reglas de negocio, basada en m\u00e1s de 15 a\u00f1os de experiencia.Contamos con la capacidad de poder procesar todos los mensajes a la operadora sin consumir recursos del SMSC, lo que se traduce en un gran ahorro en costos de infraestructura, licencias y servicios.\u00a0[\/highlight_box][\/row][row additional_class=\u00bbadd-bottom productos\u00bb][\/row]<\/p>\n","protected":false},"excerpt":{"rendered":"<p>[row additional_class=\u00bbadd-top add-bottom-productos productos\u00bb][highlight_box icon=\u00bbhttps:\/\/tedexis.com\/wp\/wp-content\/uploads\/2015\/06\/logo-noti-alert-150&#215;150.png\u00bb color=\u00bb#1E5796&#8243; link=\u00bb\u00bb link_title=\u00bbAlertas\u00bb ]Es un \u201chub\u201d que permite conexiones bidireccionales entre nuestra plataforma y las [&hellip;]<\/p>\n","protected":false},"author":3,"featured_media":0,"parent":0,"menu_order":3,"comment_status":"open","ping_status":"closed","template":"","meta":{"_monsterinsights_skip_tracking":false,"_monsterinsights_sitenote_active":false,"_monsterinsights_sitenote_note":"","_monsterinsights_sitenote_category":0,"site-sidebar-layout":"default","site-content-layout":"","ast-site-content-layout":"default","site-content-style":"default","site-sidebar-style":"default","ast-global-header-display":"","ast-banner-title-visibility":"","ast-main-header-display":"","ast-hfb-above-header-display":"","ast-hfb-below-header-display":"","ast-hfb-mobile-header-display":"","site-post-title":"","ast-breadcrumbs-content":"","ast-featured-img":"","footer-sml-layout":"","ast-disable-related-posts":"","theme-transparent-header-meta":"","adv-header-id-meta":"","stick-header-meta":"","header-above-stick-meta":"","header-main-stick-meta":"","header-below-stick-meta":"","astra-migrate-meta-layouts":"default","ast-page-background-enabled":"default","ast-page-background-meta":{"desktop":{"background-color":"var(--ast-global-color-4)","background-image":"","background-repeat":"repeat","background-position":"center center","background-size":"auto","background-attachment":"scroll","background-type":"","background-media":"","overlay-type":"","overlay-color":"","overlay-opacity":"","overlay-gradient":""},"tablet":{"background-color":"","background-image":"","background-repeat":"repeat","background-position":"center center","background-size":"auto","background-attachment":"scroll","background-type":"","background-media":"","overlay-type":"","overlay-color":"","overlay-opacity":"","overlay-gradient":""},"mobile":{"background-color":"","background-image":"","background-repeat":"repeat","background-position":"center center","background-size":"auto","background-attachment":"scroll","background-type":"","background-media":"","overlay-type":"","overlay-color":"","overlay-opacity":"","overlay-gradient":""}},"ast-content-background-meta":{"desktop":{"background-color":"var(--ast-global-color-5)","background-image":"","background-repeat":"repeat","background-position":"center center","background-size":"auto","background-attachment":"scroll","background-type":"","background-media":"","overlay-type":"","overlay-color":"","overlay-opacity":"","overlay-gradient":""},"tablet":{"background-color":"var(--ast-global-color-5)","background-image":"","background-repeat":"repeat","background-position":"center center","background-size":"auto","background-attachment":"scroll","background-type":"","background-media":"","overlay-type":"","overlay-color":"","overlay-opacity":"","overlay-gradient":""},"mobile":{"background-color":"var(--ast-global-color-5)","background-image":"","background-repeat":"repeat","background-position":"center center","background-size":"auto","background-attachment":"scroll","background-type":"","background-media":"","overlay-type":"","overlay-color":"","overlay-opacity":"","overlay-gradient":""}},"footnotes":""},"class_list":["post-763","page","type-page","status-publish","hentry"],"yoast_head":"<!-- This site is optimized with the Yoast SEO plugin v27.3 - https:\/\/yoast.com\/product\/yoast-seo-wordpress\/ -->\n<title>Productos - Somos Tedexis - Soluciones m\u00f3viles seguras<\/title>\n<meta name=\"robots\" content=\"index, follow, max-snippet:-1, max-image-preview:large, max-video-preview:-1\" \/>\n<link rel=\"canonical\" href=\"https:\/\/www.tedexis.com\/en\/productos-3\/\" \/>\n<meta property=\"og:locale\" content=\"en_US\" \/>\n<meta property=\"og:type\" content=\"article\" \/>\n<meta property=\"og:title\" content=\"Productos - Somos Tedexis - Soluciones m\u00f3viles seguras\" \/>\n<meta property=\"og:description\" content=\"[row additional_class=\u00bbadd-top add-bottom-productos productos\u00bb][highlight_box icon=\u00bbhttps:\/\/tedexis.com\/wp\/wp-content\/uploads\/2015\/06\/logo-noti-alert-150&#215;150.png\u00bb color=\u00bb#1E5796&#8243; link=\u00bb\u00bb link_title=\u00bbAlertas\u00bb ]Es un \u201chub\u201d que permite conexiones bidireccionales entre nuestra plataforma y las [&hellip;]\" \/>\n<meta property=\"og:url\" content=\"https:\/\/www.tedexis.com\/en\/productos-3\/\" \/>\n<meta property=\"og:site_name\" content=\"Somos Tedexis - Soluciones m\u00f3viles seguras\" \/>\n<meta property=\"article:publisher\" content=\"https:\/\/www.facebook.com\/Tedexis\" \/>\n<meta property=\"article:modified_time\" content=\"2024-06-05T20:11:26+00:00\" \/>\n<meta property=\"og:image\" content=\"https:\/\/www.tedexis.com\/wp-content\/uploads\/2024\/06\/logo-tipografia-tedexis2-1-1.png\" \/>\n\t<meta property=\"og:image:width\" content=\"1240\" \/>\n\t<meta property=\"og:image:height\" content=\"429\" \/>\n\t<meta property=\"og:image:type\" content=\"image\/png\" \/>\n<meta name=\"twitter:card\" content=\"summary_large_image\" \/>\n<meta name=\"twitter:site\" content=\"@tedexis\" \/>\n<meta name=\"twitter:label1\" content=\"Est. reading time\" \/>\n\t<meta name=\"twitter:data1\" content=\"2 minutes\" \/>\n<script type=\"application\/ld+json\" class=\"yoast-schema-graph\">{\"@context\":\"https:\\\/\\\/schema.org\",\"@graph\":[{\"@type\":\"WebPage\",\"@id\":\"https:\\\/\\\/www.tedexis.com\\\/productos-3\\\/\",\"url\":\"https:\\\/\\\/www.tedexis.com\\\/productos-3\\\/\",\"name\":\"Productos - Somos Tedexis - Soluciones m\u00f3viles seguras\",\"isPartOf\":{\"@id\":\"https:\\\/\\\/www.tedexis.com\\\/#website\"},\"datePublished\":\"2014-09-19T16:03:56+00:00\",\"dateModified\":\"2024-06-05T20:11:26+00:00\",\"breadcrumb\":{\"@id\":\"https:\\\/\\\/www.tedexis.com\\\/productos-3\\\/#breadcrumb\"},\"inLanguage\":\"en-US\",\"potentialAction\":[{\"@type\":\"ReadAction\",\"target\":[\"https:\\\/\\\/www.tedexis.com\\\/productos-3\\\/\"]}]},{\"@type\":\"BreadcrumbList\",\"@id\":\"https:\\\/\\\/www.tedexis.com\\\/productos-3\\\/#breadcrumb\",\"itemListElement\":[{\"@type\":\"ListItem\",\"position\":1,\"name\":\"Portada\",\"item\":\"https:\\\/\\\/www.tedexis.com\\\/\"},{\"@type\":\"ListItem\",\"position\":2,\"name\":\"Productos\"}]},{\"@type\":\"WebSite\",\"@id\":\"https:\\\/\\\/www.tedexis.com\\\/#website\",\"url\":\"https:\\\/\\\/www.tedexis.com\\\/\",\"name\":\"Somos Tedexis - Soluciones m\u00f3viles seguras\",\"description\":\"Tedexis es una empresa l\u00edder en soluciones m\u00f3viles, mensajer\u00eda y gesti\u00f3n de tr\u00e1fico SMS en Am\u00e9rica Latina. Cont\u00e1ctanos hoy mismo.\",\"publisher\":{\"@id\":\"https:\\\/\\\/www.tedexis.com\\\/#organization\"},\"alternateName\":\"Tedexis\",\"potentialAction\":[{\"@type\":\"SearchAction\",\"target\":{\"@type\":\"EntryPoint\",\"urlTemplate\":\"https:\\\/\\\/www.tedexis.com\\\/?s={search_term_string}\"},\"query-input\":{\"@type\":\"PropertyValueSpecification\",\"valueRequired\":true,\"valueName\":\"search_term_string\"}}],\"inLanguage\":\"en-US\"},{\"@type\":\"Organization\",\"@id\":\"https:\\\/\\\/www.tedexis.com\\\/#organization\",\"name\":\"Tedexis\",\"alternateName\":\"Tedexis\",\"url\":\"https:\\\/\\\/www.tedexis.com\\\/\",\"logo\":{\"@type\":\"ImageObject\",\"inLanguage\":\"en-US\",\"@id\":\"https:\\\/\\\/www.tedexis.com\\\/#\\\/schema\\\/logo\\\/image\\\/\",\"url\":\"https:\\\/\\\/www.tedexis.com\\\/wp-content\\\/uploads\\\/2024\\\/06\\\/logo-tipografia-tedexis2-.png\",\"contentUrl\":\"https:\\\/\\\/www.tedexis.com\\\/wp-content\\\/uploads\\\/2024\\\/06\\\/logo-tipografia-tedexis2-.png\",\"width\":1240,\"height\":429,\"caption\":\"Tedexis\"},\"image\":{\"@id\":\"https:\\\/\\\/www.tedexis.com\\\/#\\\/schema\\\/logo\\\/image\\\/\"},\"sameAs\":[\"https:\\\/\\\/www.facebook.com\\\/Tedexis\",\"https:\\\/\\\/x.com\\\/tedexis\",\"https:\\\/\\\/www.linkedin.com\\\/company\\\/tedexis\\\/\"]}]}<\/script>\n<!-- \/ Yoast SEO plugin. -->","yoast_head_json":{"title":"Productos - Somos Tedexis - Soluciones m\u00f3viles seguras","robots":{"index":"index","follow":"follow","max-snippet":"max-snippet:-1","max-image-preview":"max-image-preview:large","max-video-preview":"max-video-preview:-1"},"canonical":"https:\/\/www.tedexis.com\/en\/productos-3\/","og_locale":"en_US","og_type":"article","og_title":"Productos - Somos Tedexis - Soluciones m\u00f3viles seguras","og_description":"[row additional_class=\u00bbadd-top add-bottom-productos productos\u00bb][highlight_box icon=\u00bbhttps:\/\/tedexis.com\/wp\/wp-content\/uploads\/2015\/06\/logo-noti-alert-150&#215;150.png\u00bb color=\u00bb#1E5796&#8243; link=\u00bb\u00bb link_title=\u00bbAlertas\u00bb ]Es un \u201chub\u201d que permite conexiones bidireccionales entre nuestra plataforma y las [&hellip;]","og_url":"https:\/\/www.tedexis.com\/en\/productos-3\/","og_site_name":"Somos Tedexis - Soluciones m\u00f3viles seguras","article_publisher":"https:\/\/www.facebook.com\/Tedexis","article_modified_time":"2024-06-05T20:11:26+00:00","og_image":[{"width":1240,"height":429,"url":"https:\/\/www.tedexis.com\/wp-content\/uploads\/2024\/06\/logo-tipografia-tedexis2-1-1.png","type":"image\/png"}],"twitter_card":"summary_large_image","twitter_site":"@tedexis","twitter_misc":{"Est. reading time":"2 minutes"},"schema":{"@context":"https:\/\/schema.org","@graph":[{"@type":"WebPage","@id":"https:\/\/www.tedexis.com\/productos-3\/","url":"https:\/\/www.tedexis.com\/productos-3\/","name":"Productos - Somos Tedexis - Soluciones m\u00f3viles seguras","isPartOf":{"@id":"https:\/\/www.tedexis.com\/#website"},"datePublished":"2014-09-19T16:03:56+00:00","dateModified":"2024-06-05T20:11:26+00:00","breadcrumb":{"@id":"https:\/\/www.tedexis.com\/productos-3\/#breadcrumb"},"inLanguage":"en-US","potentialAction":[{"@type":"ReadAction","target":["https:\/\/www.tedexis.com\/productos-3\/"]}]},{"@type":"BreadcrumbList","@id":"https:\/\/www.tedexis.com\/productos-3\/#breadcrumb","itemListElement":[{"@type":"ListItem","position":1,"name":"Portada","item":"https:\/\/www.tedexis.com\/"},{"@type":"ListItem","position":2,"name":"Productos"}]},{"@type":"WebSite","@id":"https:\/\/www.tedexis.com\/#website","url":"https:\/\/www.tedexis.com\/","name":"Somos Tedexis - Soluciones m\u00f3viles seguras","description":"Tedexis es una empresa l\u00edder en soluciones m\u00f3viles, mensajer\u00eda y gesti\u00f3n de tr\u00e1fico SMS en Am\u00e9rica Latina. Cont\u00e1ctanos hoy mismo.","publisher":{"@id":"https:\/\/www.tedexis.com\/#organization"},"alternateName":"Tedexis","potentialAction":[{"@type":"SearchAction","target":{"@type":"EntryPoint","urlTemplate":"https:\/\/www.tedexis.com\/?s={search_term_string}"},"query-input":{"@type":"PropertyValueSpecification","valueRequired":true,"valueName":"search_term_string"}}],"inLanguage":"en-US"},{"@type":"Organization","@id":"https:\/\/www.tedexis.com\/#organization","name":"Tedexis","alternateName":"Tedexis","url":"https:\/\/www.tedexis.com\/","logo":{"@type":"ImageObject","inLanguage":"en-US","@id":"https:\/\/www.tedexis.com\/#\/schema\/logo\/image\/","url":"https:\/\/www.tedexis.com\/wp-content\/uploads\/2024\/06\/logo-tipografia-tedexis2-.png","contentUrl":"https:\/\/www.tedexis.com\/wp-content\/uploads\/2024\/06\/logo-tipografia-tedexis2-.png","width":1240,"height":429,"caption":"Tedexis"},"image":{"@id":"https:\/\/www.tedexis.com\/#\/schema\/logo\/image\/"},"sameAs":["https:\/\/www.facebook.com\/Tedexis","https:\/\/x.com\/tedexis","https:\/\/www.linkedin.com\/company\/tedexis\/"]}]}},"_links":{"self":[{"href":"https:\/\/www.tedexis.com\/en\/wp-json\/wp\/v2\/pages\/763","targetHints":{"allow":["GET"]}}],"collection":[{"href":"https:\/\/www.tedexis.com\/en\/wp-json\/wp\/v2\/pages"}],"about":[{"href":"https:\/\/www.tedexis.com\/en\/wp-json\/wp\/v2\/types\/page"}],"author":[{"embeddable":true,"href":"https:\/\/www.tedexis.com\/en\/wp-json\/wp\/v2\/users\/3"}],"replies":[{"embeddable":true,"href":"https:\/\/www.tedexis.com\/en\/wp-json\/wp\/v2\/comments?post=763"}],"version-history":[{"count":170,"href":"https:\/\/www.tedexis.com\/en\/wp-json\/wp\/v2\/pages\/763\/revisions"}],"predecessor-version":[{"id":3075,"href":"https:\/\/www.tedexis.com\/en\/wp-json\/wp\/v2\/pages\/763\/revisions\/3075"}],"wp:attachment":[{"href":"https:\/\/www.tedexis.com\/en\/wp-json\/wp\/v2\/media?parent=763"}],"curies":[{"name":"wp","href":"https:\/\/api.w.org\/{rel}","templated":true}]}}