{"id":4839,"date":"2024-06-21T14:23:57","date_gmt":"2024-06-21T18:23:57","guid":{"rendered":"https:\/\/www2.tedexis.com\/?page_id=4839"},"modified":"2025-02-28T00:55:35","modified_gmt":"2025-02-28T04:55:35","slug":"carrera","status":"publish","type":"page","link":"https:\/\/www.tedexis.com\/en\/carrera\/","title":{"rendered":"Career"},"content":{"rendered":"<div data-elementor-type=\"wp-page\" data-elementor-id=\"4839\" class=\"elementor elementor-4839\" data-elementor-post-type=\"page\">\n\t\t\t\t<div class=\"elementor-element elementor-element-13aed73 e-flex e-con-boxed e-con e-parent\" data-id=\"13aed73\" data-element_type=\"container\" data-e-type=\"container\" data-settings=\"{&quot;background_background&quot;:&quot;classic&quot;}\">\n\t\t\t\t\t<div class=\"e-con-inner\">\n\t\t\t\t<div class=\"elementor-element elementor-element-9ffe590 elementor-widget elementor-widget-heading\" data-id=\"9ffe590\" data-element_type=\"widget\" data-e-type=\"widget\" data-widget_type=\"heading.default\">\n\t\t\t\t<div class=\"elementor-widget-container\">\n\t\t\t\t\t<h1 class=\"elementor-heading-title elementor-size-default\">CARRERA<\/h1>\t\t\t\t<\/div>\n\t\t\t\t<\/div>\n\t\t\t\t\t<\/div>\n\t\t\t\t<\/div>\n\t\t<div class=\"elementor-element elementor-element-f834a22 e-flex e-con-boxed e-con e-parent\" data-id=\"f834a22\" data-element_type=\"container\" data-e-type=\"container\" data-settings=\"{&quot;background_background&quot;:&quot;classic&quot;}\">\n\t\t\t\t\t<div class=\"e-con-inner\">\n\t\t\t\t<div class=\"elementor-element elementor-element-b51708c elementor-widget elementor-widget-spacer\" data-id=\"b51708c\" data-element_type=\"widget\" data-e-type=\"widget\" data-widget_type=\"spacer.default\">\n\t\t\t\t<div class=\"elementor-widget-container\">\n\t\t\t\t\t\t\t<div class=\"elementor-spacer\">\n\t\t\t<div class=\"elementor-spacer-inner\"><\/div>\n\t\t<\/div>\n\t\t\t\t\t\t<\/div>\n\t\t\t\t<\/div>\n\t\t\t\t\t<\/div>\n\t\t\t\t<\/div>\n\t\t<div class=\"elementor-element elementor-element-45ac999 e-flex e-con-boxed e-con e-parent\" data-id=\"45ac999\" data-element_type=\"container\" data-e-type=\"container\" data-settings=\"{&quot;background_background&quot;:&quot;classic&quot;}\">\n\t\t\t\t\t<div class=\"e-con-inner\">\n\t\t\t\t<div class=\"elementor-element elementor-element-14b7a2c elementor-widget elementor-widget-text-editor\" data-id=\"14b7a2c\" data-element_type=\"widget\" data-e-type=\"widget\" data-widget_type=\"text-editor.default\">\n\t\t\t\t<div class=\"elementor-widget-container\">\n\t\t\t\t\t\t\t\t\t<p>At Tedexis, we believe that our success lies in our team. We value our employees and foster an inclusive and dynamic corporate culture where each person has the opportunity to grow and develop professionally. We strive to create a work environment where collaboration, innovation and excellence are promoted in every project. If you are looking to be part of a team that is committed and passionate about technology and communications, we invite you to explore the career opportunities we offer.<\/p>\t\t\t\t\t\t\t\t<\/div>\n\t\t\t\t<\/div>\n\t\t\t\t\t<\/div>\n\t\t\t\t<\/div>\n\t\t<div class=\"elementor-element elementor-element-c9257e2 e-flex e-con-boxed e-con e-parent\" data-id=\"c9257e2\" data-element_type=\"container\" data-e-type=\"container\" data-settings=\"{&quot;background_background&quot;:&quot;classic&quot;}\">\n\t\t\t\t\t<div class=\"e-con-inner\">\n\t\t\t\t<div class=\"elementor-element elementor-element-247bc79 elementor-widget elementor-widget-spacer\" data-id=\"247bc79\" data-element_type=\"widget\" data-e-type=\"widget\" data-widget_type=\"spacer.default\">\n\t\t\t\t<div class=\"elementor-widget-container\">\n\t\t\t\t\t\t\t<div class=\"elementor-spacer\">\n\t\t\t<div class=\"elementor-spacer-inner\"><\/div>\n\t\t<\/div>\n\t\t\t\t\t\t<\/div>\n\t\t\t\t<\/div>\n\t\t\t\t<div class=\"elementor-element elementor-element-a96ffb9 elementor-widget elementor-widget-heading\" data-id=\"a96ffb9\" data-element_type=\"widget\" data-e-type=\"widget\" data-widget_type=\"heading.default\">\n\t\t\t\t<div class=\"elementor-widget-container\">\n\t\t\t\t\t<h2 class=\"elementor-heading-title elementor-size-default\">Why join Tedexis?<\/h2>\t\t\t\t<\/div>\n\t\t\t\t<\/div>\n\t\t\t\t\t<\/div>\n\t\t\t\t<\/div>\n\t\t<div class=\"elementor-element elementor-element-983f7e1 e-flex e-con-boxed e-con e-parent\" data-id=\"983f7e1\" data-element_type=\"container\" data-e-type=\"container\" data-settings=\"{&quot;background_background&quot;:&quot;classic&quot;}\">\n\t\t\t\t\t<div class=\"e-con-inner\">\n\t\t<div class=\"elementor-element elementor-element-dbc317b e-con-full e-flex e-con e-child\" data-id=\"dbc317b\" data-element_type=\"container\" data-e-type=\"container\">\n\t\t<div class=\"elementor-element elementor-element-9756f71 e-con-full e-flex e-con e-child\" data-id=\"9756f71\" data-element_type=\"container\" data-e-type=\"container\">\n\t\t\t\t<div class=\"elementor-element elementor-element-093eeea elementor-widget elementor-widget-heading\" data-id=\"093eeea\" data-element_type=\"widget\" data-e-type=\"widget\" data-widget_type=\"heading.default\">\n\t\t\t\t<div class=\"elementor-widget-container\">\n\t\t\t\t\t<h2 class=\"elementor-heading-title elementor-size-default\">Inclusive Culture: <\/h2>\t\t\t\t<\/div>\n\t\t\t\t<\/div>\n\t\t\t\t<div class=\"elementor-element elementor-element-6c253ee elementor-widget elementor-widget-text-editor\" data-id=\"6c253ee\" data-element_type=\"widget\" data-e-type=\"widget\" data-widget_type=\"text-editor.default\">\n\t\t\t\t<div class=\"elementor-widget-container\">\n\t\t\t\t\t\t\t\t\t<p>We foster an environment where every employee feels valued and respected.<\/p>\t\t\t\t\t\t\t\t<\/div>\n\t\t\t\t<\/div>\n\t\t\t\t<\/div>\n\t\t<div class=\"elementor-element elementor-element-5d8dfc4 e-con-full e-flex e-con e-child\" data-id=\"5d8dfc4\" data-element_type=\"container\" data-e-type=\"container\">\n\t\t\t\t<div class=\"elementor-element elementor-element-47164f7 elementor-widget elementor-widget-heading\" data-id=\"47164f7\" data-element_type=\"widget\" data-e-type=\"widget\" data-widget_type=\"heading.default\">\n\t\t\t\t<div class=\"elementor-widget-container\">\n\t\t\t\t\t<h2 class=\"elementor-heading-title elementor-size-default\">Growth opportunities: <\/h2>\t\t\t\t<\/div>\n\t\t\t\t<\/div>\n\t\t\t\t<div class=\"elementor-element elementor-element-492abea elementor-widget elementor-widget-text-editor\" data-id=\"492abea\" data-element_type=\"widget\" data-e-type=\"widget\" data-widget_type=\"text-editor.default\">\n\t\t\t\t<div class=\"elementor-widget-container\">\n\t\t\t\t\t\t\t\t\t<p>We offer professional development programs and continuous learning opportunities.<\/p>\t\t\t\t\t\t\t\t<\/div>\n\t\t\t\t<\/div>\n\t\t\t\t<\/div>\n\t\t\t\t<\/div>\n\t\t<div class=\"elementor-element elementor-element-9ea3f04 e-con-full e-flex e-con e-child\" data-id=\"9ea3f04\" data-element_type=\"container\" data-e-type=\"container\">\n\t\t<div class=\"elementor-element elementor-element-71a87e3 e-con-full e-flex e-con e-child\" data-id=\"71a87e3\" data-element_type=\"container\" data-e-type=\"container\">\n\t\t\t\t<div class=\"elementor-element elementor-element-481a674 elementor-widget elementor-widget-heading\" data-id=\"481a674\" data-element_type=\"widget\" data-e-type=\"widget\" data-widget_type=\"heading.default\">\n\t\t\t\t<div class=\"elementor-widget-container\">\n\t\t\t\t\t<h2 class=\"elementor-heading-title elementor-size-default\">Constant Innovation: <\/h2>\t\t\t\t<\/div>\n\t\t\t\t<\/div>\n\t\t\t\t<div class=\"elementor-element elementor-element-d80aefc elementor-widget elementor-widget-text-editor\" data-id=\"d80aefc\" data-element_type=\"widget\" data-e-type=\"widget\" data-widget_type=\"text-editor.default\">\n\t\t\t\t<div class=\"elementor-widget-container\">\n\t\t\t\t\t\t\t\t\t<p>Participate in innovative and challenging projects that make a difference in the telecommunications sector.<\/p>\t\t\t\t\t\t\t\t<\/div>\n\t\t\t\t<\/div>\n\t\t\t\t<\/div>\n\t\t<div class=\"elementor-element elementor-element-3d2f055 e-con-full e-flex e-con e-child\" data-id=\"3d2f055\" data-element_type=\"container\" data-e-type=\"container\">\n\t\t\t\t<div class=\"elementor-element elementor-element-ea9b161 elementor-widget elementor-widget-heading\" data-id=\"ea9b161\" data-element_type=\"widget\" data-e-type=\"widget\" data-widget_type=\"heading.default\">\n\t\t\t\t<div class=\"elementor-widget-container\">\n\t\t\t\t\t<h2 class=\"elementor-heading-title elementor-size-default\">Competitive Benefits: <\/h2>\t\t\t\t<\/div>\n\t\t\t\t<\/div>\n\t\t\t\t<div class=\"elementor-element elementor-element-aed238f elementor-widget elementor-widget-text-editor\" data-id=\"aed238f\" data-element_type=\"widget\" data-e-type=\"widget\" data-widget_type=\"text-editor.default\">\n\t\t\t\t<div class=\"elementor-widget-container\">\n\t\t\t\t\t\t\t\t\t<p>Enjoy a benefits package that supports your well-being and that of your family.<\/p>\t\t\t\t\t\t\t\t<\/div>\n\t\t\t\t<\/div>\n\t\t\t\t<\/div>\n\t\t\t\t<\/div>\n\t\t\t\t\t<\/div>\n\t\t\t\t<\/div>\n\t\t<div class=\"elementor-element elementor-element-b1801db e-flex e-con-boxed e-con e-parent\" data-id=\"b1801db\" data-element_type=\"container\" data-e-type=\"container\">\n\t\t\t\t\t<div class=\"e-con-inner\">\n\t\t<div class=\"elementor-element elementor-element-1343043 e-con-full e-flex e-con e-child\" data-id=\"1343043\" data-element_type=\"container\" data-e-type=\"container\" data-settings=\"{&quot;background_background&quot;:&quot;classic&quot;}\">\n\t\t\t\t<div class=\"elementor-element elementor-element-874792d elementor-widget elementor-widget-spacer\" data-id=\"874792d\" data-element_type=\"widget\" data-e-type=\"widget\" data-widget_type=\"spacer.default\">\n\t\t\t\t<div class=\"elementor-widget-container\">\n\t\t\t\t\t\t\t<div class=\"elementor-spacer\">\n\t\t\t<div class=\"elementor-spacer-inner\"><\/div>\n\t\t<\/div>\n\t\t\t\t\t\t<\/div>\n\t\t\t\t<\/div>\n\t\t\t\t<div class=\"elementor-element elementor-element-97d6980 elementor-widget elementor-widget-heading\" data-id=\"97d6980\" data-element_type=\"widget\" data-e-type=\"widget\" data-widget_type=\"heading.default\">\n\t\t\t\t<div class=\"elementor-widget-container\">\n\t\t\t\t\t<h2 class=\"elementor-heading-title elementor-size-default\">\u00a1Escr\u00edbenos!<\/h2>\t\t\t\t<\/div>\n\t\t\t\t<\/div>\n\t\t\t\t<div class=\"elementor-element elementor-element-ecb067f elementor-widget elementor-widget-shortcode\" data-id=\"ecb067f\" data-element_type=\"widget\" data-e-type=\"widget\" data-widget_type=\"shortcode.default\">\n\t\t\t\t<div class=\"elementor-widget-container\">\n\t\t\t\t\t\t\t<div class=\"elementor-shortcode\"><form id=\"forminator-module-4932\" class=\"forminator-custom-form forminator-custom-form-4932\" method=\"post\" data-forminator-render=\"0\" data-uid=\"69df05392c262\" action=\"\"><div role=\"alert\" aria-live=\"polite\" class=\"forminator-response-message forminator-error\" aria-hidden=\"true\"><\/div><input type=\"hidden\" name=\"trp-form-language\" value=\"en\"\/><\/form><\/div>\n\t\t\t\t\t\t<\/div>\n\t\t\t\t<\/div>\n\t\t\t\t<\/div>\n\t\t\t\t\t<\/div>\n\t\t\t\t<\/div>\n\t\t<div class=\"elementor-element elementor-element-95c0b05 e-flex e-con-boxed e-con e-parent\" data-id=\"95c0b05\" data-element_type=\"container\" data-e-type=\"container\">\n\t\t\t\t\t<div class=\"e-con-inner\">\n\t\t\t\t<div class=\"elementor-element elementor-element-daf3fcd elementor-widget elementor-widget-spacer\" data-id=\"daf3fcd\" data-element_type=\"widget\" data-e-type=\"widget\" data-widget_type=\"spacer.default\">\n\t\t\t\t<div class=\"elementor-widget-container\">\n\t\t\t\t\t\t\t<div class=\"elementor-spacer\">\n\t\t\t<div class=\"elementor-spacer-inner\"><\/div>\n\t\t<\/div>\n\t\t\t\t\t\t<\/div>\n\t\t\t\t<\/div>\n\t\t\t\t\t<\/div>\n\t\t\t\t<\/div>\n\t\t\t\t<\/div>","protected":false},"excerpt":{"rendered":"<p>CARRERA En Tedexis, creemos que nuestro \u00e9xito radica en nuestro equipo. Valoramos a nuestros empleados y fomentamos una cultura corporativa [&hellip;]<\/p>\n","protected":false},"author":3,"featured_media":0,"parent":0,"menu_order":0,"comment_status":"closed","ping_status":"closed","template":"","meta":{"_monsterinsights_skip_tracking":false,"_monsterinsights_sitenote_active":false,"_monsterinsights_sitenote_note":"","_monsterinsights_sitenote_category":0,"site-sidebar-layout":"no-sidebar","site-content-layout":"","ast-site-content-layout":"full-width-container","site-content-style":"default","site-sidebar-style":"default","ast-global-header-display":"","ast-banner-title-visibility":"","ast-main-header-display":"","ast-hfb-above-header-display":"","ast-hfb-below-header-display":"","ast-hfb-mobile-header-display":"","site-post-title":"disabled","ast-breadcrumbs-content":"","ast-featured-img":"disabled","footer-sml-layout":"","ast-disable-related-posts":"","theme-transparent-header-meta":"","adv-header-id-meta":"","stick-header-meta":"","header-above-stick-meta":"","header-main-stick-meta":"","header-below-stick-meta":"","astra-migrate-meta-layouts":"default","ast-page-background-enabled":"default","ast-page-background-meta":{"desktop":{"background-color":"var(--ast-global-color-4)","background-image":"","background-repeat":"repeat","background-position":"center center","background-size":"auto","background-attachment":"scroll","background-type":"","background-media":"","overlay-type":"","overlay-color":"","overlay-opacity":"","overlay-gradient":""},"tablet":{"background-color":"","background-image":"","background-repeat":"repeat","background-position":"center center","background-size":"auto","background-attachment":"scroll","background-type":"","background-media":"","overlay-type":"","overlay-color":"","overlay-opacity":"","overlay-gradient":""},"mobile":{"background-color":"","background-image":"","background-repeat":"repeat","background-position":"center center","background-size":"auto","background-attachment":"scroll","background-type":"","background-media":"","overlay-type":"","overlay-color":"","overlay-opacity":"","overlay-gradient":""}},"ast-content-background-meta":{"desktop":{"background-color":"var(--ast-global-color-5)","background-image":"","background-repeat":"repeat","background-position":"center center","background-size":"auto","background-attachment":"scroll","background-type":"","background-media":"","overlay-type":"","overlay-color":"","overlay-opacity":"","overlay-gradient":""},"tablet":{"background-color":"var(--ast-global-color-5)","background-image":"","background-repeat":"repeat","background-position":"center center","background-size":"auto","background-attachment":"scroll","background-type":"","background-media":"","overlay-type":"","overlay-color":"","overlay-opacity":"","overlay-gradient":""},"mobile":{"background-color":"var(--ast-global-color-5)","background-image":"","background-repeat":"repeat","background-position":"center center","background-size":"auto","background-attachment":"scroll","background-type":"","background-media":"","overlay-type":"","overlay-color":"","overlay-opacity":"","overlay-gradient":""}},"footnotes":""},"class_list":["post-4839","page","type-page","status-publish","hentry"],"yoast_head":"<!-- This site is optimized with the Yoast SEO plugin v27.3 - https:\/\/yoast.com\/product\/yoast-seo-wordpress\/ -->\n<title>Carrera - Somos Tedexis - Soluciones m\u00f3viles seguras<\/title>\n<meta name=\"robots\" content=\"index, follow, max-snippet:-1, max-image-preview:large, max-video-preview:-1\" \/>\n<link rel=\"canonical\" href=\"https:\/\/www.tedexis.com\/en\/carrera\/\" \/>\n<meta property=\"og:locale\" content=\"en_US\" \/>\n<meta property=\"og:type\" content=\"article\" \/>\n<meta property=\"og:title\" content=\"Carrera - Somos Tedexis - Soluciones m\u00f3viles seguras\" \/>\n<meta property=\"og:description\" content=\"CARRERA En Tedexis, creemos que nuestro \u00e9xito radica en nuestro equipo. Valoramos a nuestros empleados y fomentamos una cultura corporativa [&hellip;]\" \/>\n<meta property=\"og:url\" content=\"https:\/\/www.tedexis.com\/en\/carrera\/\" \/>\n<meta property=\"og:site_name\" content=\"Somos Tedexis - Soluciones m\u00f3viles seguras\" \/>\n<meta property=\"article:publisher\" content=\"https:\/\/www.facebook.com\/Tedexis\" \/>\n<meta property=\"article:modified_time\" content=\"2025-02-28T04:55:35+00:00\" \/>\n<meta property=\"og:image\" content=\"https:\/\/www.tedexis.com\/wp-content\/uploads\/2024\/06\/logo-tipografia-tedexis2-1-1.png\" \/>\n\t<meta property=\"og:image:width\" content=\"1240\" \/>\n\t<meta property=\"og:image:height\" content=\"429\" \/>\n\t<meta property=\"og:image:type\" content=\"image\/png\" \/>\n<meta name=\"twitter:card\" content=\"summary_large_image\" \/>\n<meta name=\"twitter:site\" content=\"@tedexis\" \/>\n<meta name=\"twitter:label1\" content=\"Est. reading time\" \/>\n\t<meta name=\"twitter:data1\" content=\"1 minute\" \/>\n<script type=\"application\/ld+json\" class=\"yoast-schema-graph\">{\"@context\":\"https:\\\/\\\/schema.org\",\"@graph\":[{\"@type\":\"WebPage\",\"@id\":\"https:\\\/\\\/www.tedexis.com\\\/carrera\\\/\",\"url\":\"https:\\\/\\\/www.tedexis.com\\\/carrera\\\/\",\"name\":\"Carrera - Somos Tedexis - Soluciones m\u00f3viles seguras\",\"isPartOf\":{\"@id\":\"https:\\\/\\\/www.tedexis.com\\\/#website\"},\"datePublished\":\"2024-06-21T18:23:57+00:00\",\"dateModified\":\"2025-02-28T04:55:35+00:00\",\"breadcrumb\":{\"@id\":\"https:\\\/\\\/www.tedexis.com\\\/carrera\\\/#breadcrumb\"},\"inLanguage\":\"en-US\",\"potentialAction\":[{\"@type\":\"ReadAction\",\"target\":[\"https:\\\/\\\/www.tedexis.com\\\/carrera\\\/\"]}]},{\"@type\":\"BreadcrumbList\",\"@id\":\"https:\\\/\\\/www.tedexis.com\\\/carrera\\\/#breadcrumb\",\"itemListElement\":[{\"@type\":\"ListItem\",\"position\":1,\"name\":\"Portada\",\"item\":\"https:\\\/\\\/www.tedexis.com\\\/\"},{\"@type\":\"ListItem\",\"position\":2,\"name\":\"Carrera\"}]},{\"@type\":\"WebSite\",\"@id\":\"https:\\\/\\\/www.tedexis.com\\\/#website\",\"url\":\"https:\\\/\\\/www.tedexis.com\\\/\",\"name\":\"Somos Tedexis - Soluciones m\u00f3viles seguras\",\"description\":\"Tedexis es una empresa l\u00edder en soluciones m\u00f3viles, mensajer\u00eda y gesti\u00f3n de tr\u00e1fico SMS en Am\u00e9rica Latina. Cont\u00e1ctanos hoy mismo.\",\"publisher\":{\"@id\":\"https:\\\/\\\/www.tedexis.com\\\/#organization\"},\"alternateName\":\"Tedexis\",\"potentialAction\":[{\"@type\":\"SearchAction\",\"target\":{\"@type\":\"EntryPoint\",\"urlTemplate\":\"https:\\\/\\\/www.tedexis.com\\\/?s={search_term_string}\"},\"query-input\":{\"@type\":\"PropertyValueSpecification\",\"valueRequired\":true,\"valueName\":\"search_term_string\"}}],\"inLanguage\":\"en-US\"},{\"@type\":\"Organization\",\"@id\":\"https:\\\/\\\/www.tedexis.com\\\/#organization\",\"name\":\"Tedexis\",\"alternateName\":\"Tedexis\",\"url\":\"https:\\\/\\\/www.tedexis.com\\\/\",\"logo\":{\"@type\":\"ImageObject\",\"inLanguage\":\"en-US\",\"@id\":\"https:\\\/\\\/www.tedexis.com\\\/#\\\/schema\\\/logo\\\/image\\\/\",\"url\":\"https:\\\/\\\/www.tedexis.com\\\/wp-content\\\/uploads\\\/2024\\\/06\\\/logo-tipografia-tedexis2-.png\",\"contentUrl\":\"https:\\\/\\\/www.tedexis.com\\\/wp-content\\\/uploads\\\/2024\\\/06\\\/logo-tipografia-tedexis2-.png\",\"width\":1240,\"height\":429,\"caption\":\"Tedexis\"},\"image\":{\"@id\":\"https:\\\/\\\/www.tedexis.com\\\/#\\\/schema\\\/logo\\\/image\\\/\"},\"sameAs\":[\"https:\\\/\\\/www.facebook.com\\\/Tedexis\",\"https:\\\/\\\/x.com\\\/tedexis\",\"https:\\\/\\\/www.linkedin.com\\\/company\\\/tedexis\\\/\"]}]}<\/script>\n<!-- \/ Yoast SEO plugin. -->","yoast_head_json":{"title":"Carrera - Somos Tedexis - Soluciones m\u00f3viles seguras","robots":{"index":"index","follow":"follow","max-snippet":"max-snippet:-1","max-image-preview":"max-image-preview:large","max-video-preview":"max-video-preview:-1"},"canonical":"https:\/\/www.tedexis.com\/en\/carrera\/","og_locale":"en_US","og_type":"article","og_title":"Carrera - Somos Tedexis - Soluciones m\u00f3viles seguras","og_description":"CARRERA En Tedexis, creemos que nuestro \u00e9xito radica en nuestro equipo. Valoramos a nuestros empleados y fomentamos una cultura corporativa [&hellip;]","og_url":"https:\/\/www.tedexis.com\/en\/carrera\/","og_site_name":"Somos Tedexis - Soluciones m\u00f3viles seguras","article_publisher":"https:\/\/www.facebook.com\/Tedexis","article_modified_time":"2025-02-28T04:55:35+00:00","og_image":[{"width":1240,"height":429,"url":"https:\/\/www.tedexis.com\/wp-content\/uploads\/2024\/06\/logo-tipografia-tedexis2-1-1.png","type":"image\/png"}],"twitter_card":"summary_large_image","twitter_site":"@tedexis","twitter_misc":{"Est. reading time":"1 minute"},"schema":{"@context":"https:\/\/schema.org","@graph":[{"@type":"WebPage","@id":"https:\/\/www.tedexis.com\/carrera\/","url":"https:\/\/www.tedexis.com\/carrera\/","name":"Carrera - Somos Tedexis - Soluciones m\u00f3viles seguras","isPartOf":{"@id":"https:\/\/www.tedexis.com\/#website"},"datePublished":"2024-06-21T18:23:57+00:00","dateModified":"2025-02-28T04:55:35+00:00","breadcrumb":{"@id":"https:\/\/www.tedexis.com\/carrera\/#breadcrumb"},"inLanguage":"en-US","potentialAction":[{"@type":"ReadAction","target":["https:\/\/www.tedexis.com\/carrera\/"]}]},{"@type":"BreadcrumbList","@id":"https:\/\/www.tedexis.com\/carrera\/#breadcrumb","itemListElement":[{"@type":"ListItem","position":1,"name":"Portada","item":"https:\/\/www.tedexis.com\/"},{"@type":"ListItem","position":2,"name":"Carrera"}]},{"@type":"WebSite","@id":"https:\/\/www.tedexis.com\/#website","url":"https:\/\/www.tedexis.com\/","name":"Somos Tedexis - Soluciones m\u00f3viles seguras","description":"Tedexis es una empresa l\u00edder en soluciones m\u00f3viles, mensajer\u00eda y gesti\u00f3n de tr\u00e1fico SMS en Am\u00e9rica Latina. Cont\u00e1ctanos hoy mismo.","publisher":{"@id":"https:\/\/www.tedexis.com\/#organization"},"alternateName":"Tedexis","potentialAction":[{"@type":"SearchAction","target":{"@type":"EntryPoint","urlTemplate":"https:\/\/www.tedexis.com\/?s={search_term_string}"},"query-input":{"@type":"PropertyValueSpecification","valueRequired":true,"valueName":"search_term_string"}}],"inLanguage":"en-US"},{"@type":"Organization","@id":"https:\/\/www.tedexis.com\/#organization","name":"Tedexis","alternateName":"Tedexis","url":"https:\/\/www.tedexis.com\/","logo":{"@type":"ImageObject","inLanguage":"en-US","@id":"https:\/\/www.tedexis.com\/#\/schema\/logo\/image\/","url":"https:\/\/www.tedexis.com\/wp-content\/uploads\/2024\/06\/logo-tipografia-tedexis2-.png","contentUrl":"https:\/\/www.tedexis.com\/wp-content\/uploads\/2024\/06\/logo-tipografia-tedexis2-.png","width":1240,"height":429,"caption":"Tedexis"},"image":{"@id":"https:\/\/www.tedexis.com\/#\/schema\/logo\/image\/"},"sameAs":["https:\/\/www.facebook.com\/Tedexis","https:\/\/x.com\/tedexis","https:\/\/www.linkedin.com\/company\/tedexis\/"]}]}},"_links":{"self":[{"href":"https:\/\/www.tedexis.com\/en\/wp-json\/wp\/v2\/pages\/4839","targetHints":{"allow":["GET"]}}],"collection":[{"href":"https:\/\/www.tedexis.com\/en\/wp-json\/wp\/v2\/pages"}],"about":[{"href":"https:\/\/www.tedexis.com\/en\/wp-json\/wp\/v2\/types\/page"}],"author":[{"embeddable":true,"href":"https:\/\/www.tedexis.com\/en\/wp-json\/wp\/v2\/users\/3"}],"replies":[{"embeddable":true,"href":"https:\/\/www.tedexis.com\/en\/wp-json\/wp\/v2\/comments?post=4839"}],"version-history":[{"count":58,"href":"https:\/\/www.tedexis.com\/en\/wp-json\/wp\/v2\/pages\/4839\/revisions"}],"predecessor-version":[{"id":6657,"href":"https:\/\/www.tedexis.com\/en\/wp-json\/wp\/v2\/pages\/4839\/revisions\/6657"}],"wp:attachment":[{"href":"https:\/\/www.tedexis.com\/en\/wp-json\/wp\/v2\/media?parent=4839"}],"curies":[{"name":"wp","href":"https:\/\/api.w.org\/{rel}","templated":true}]}}