{"id":4800,"date":"2024-06-21T10:49:08","date_gmt":"2024-06-21T14:49:08","guid":{"rendered":"https:\/\/www2.tedexis.com\/?page_id=4800"},"modified":"2025-02-28T00:54:03","modified_gmt":"2025-02-28T04:54:03","slug":"contacto-de-soporte-tecnico","status":"publish","type":"page","link":"https:\/\/www.tedexis.com\/en\/contacto-de-soporte-tecnico\/","title":{"rendered":"Technical Support Contact"},"content":{"rendered":"<div data-elementor-type=\"wp-page\" data-elementor-id=\"4800\" class=\"elementor elementor-4800\" data-elementor-post-type=\"page\">\n\t\t\t\t<div class=\"elementor-element elementor-element-13aed73 img2 e-flex e-con-boxed e-con e-parent\" data-id=\"13aed73\" data-element_type=\"container\" data-e-type=\"container\" data-settings=\"{&quot;background_background&quot;:&quot;classic&quot;}\">\n\t\t\t\t\t<div class=\"e-con-inner\">\n\t\t\t\t<div class=\"elementor-element elementor-element-9ffe590 elementor-widget elementor-widget-heading\" data-id=\"9ffe590\" data-element_type=\"widget\" data-e-type=\"widget\" data-widget_type=\"heading.default\">\n\t\t\t\t<div class=\"elementor-widget-container\">\n\t\t\t\t\t<h1 class=\"elementor-heading-title elementor-size-default\">Contacto de  Soporte T\u00e9cnico<\/h1>\t\t\t\t<\/div>\n\t\t\t\t<\/div>\n\t\t\t\t\t<\/div>\n\t\t\t\t<\/div>\n\t\t<div class=\"elementor-element elementor-element-f834a22 e-flex e-con-boxed e-con e-parent\" data-id=\"f834a22\" data-element_type=\"container\" data-e-type=\"container\" data-settings=\"{&quot;background_background&quot;:&quot;classic&quot;}\">\n\t\t\t\t\t<div class=\"e-con-inner\">\n\t\t\t\t<div class=\"elementor-element elementor-element-b51708c elementor-widget elementor-widget-spacer\" data-id=\"b51708c\" data-element_type=\"widget\" data-e-type=\"widget\" data-widget_type=\"spacer.default\">\n\t\t\t\t<div class=\"elementor-widget-container\">\n\t\t\t\t\t\t\t<div class=\"elementor-spacer\">\n\t\t\t<div class=\"elementor-spacer-inner\"><\/div>\n\t\t<\/div>\n\t\t\t\t\t\t<\/div>\n\t\t\t\t<\/div>\n\t\t\t\t\t<\/div>\n\t\t\t\t<\/div>\n\t\t<div class=\"elementor-element elementor-element-45ac999 e-flex e-con-boxed e-con e-parent\" data-id=\"45ac999\" data-element_type=\"container\" data-e-type=\"container\" data-settings=\"{&quot;background_background&quot;:&quot;classic&quot;}\">\n\t\t\t\t\t<div class=\"e-con-inner\">\n\t\t\t\t<div class=\"elementor-element elementor-element-14b7a2c elementor-widget elementor-widget-text-editor\" data-id=\"14b7a2c\" data-element_type=\"widget\" data-e-type=\"widget\" data-widget_type=\"text-editor.default\">\n\t\t\t\t<div class=\"elementor-widget-container\">\n\t\t\t\t\t\t\t\t\t<p>If you need personalized assistance, our support team is here to help. You can contact us through different means to resolve any problem or query you may have. We offer specialized technical support to ensure you get the help you need quickly and efficiently.<\/p>\t\t\t\t\t\t\t\t<\/div>\n\t\t\t\t<\/div>\n\t\t\t\t\t<\/div>\n\t\t\t\t<\/div>\n\t\t<div class=\"elementor-element elementor-element-4d62145 e-flex e-con-boxed e-con e-parent\" data-id=\"4d62145\" data-element_type=\"container\" data-e-type=\"container\">\n\t\t\t\t\t<div class=\"e-con-inner\">\n\t\t<div class=\"elementor-element elementor-element-322a78c e-flex e-con-boxed e-con e-child\" data-id=\"322a78c\" data-element_type=\"container\" data-e-type=\"container\" data-settings=\"{&quot;background_background&quot;:&quot;classic&quot;}\">\n\t\t\t\t\t<div class=\"e-con-inner\">\n\t\t\t\t<div class=\"elementor-element elementor-element-7201f4c elementor-widget elementor-widget-spacer\" data-id=\"7201f4c\" data-element_type=\"widget\" data-e-type=\"widget\" data-widget_type=\"spacer.default\">\n\t\t\t\t<div class=\"elementor-widget-container\">\n\t\t\t\t\t\t\t<div class=\"elementor-spacer\">\n\t\t\t<div class=\"elementor-spacer-inner\"><\/div>\n\t\t<\/div>\n\t\t\t\t\t\t<\/div>\n\t\t\t\t<\/div>\n\t\t\t\t<div class=\"elementor-element elementor-element-137f05c elementor-widget elementor-widget-heading\" data-id=\"137f05c\" data-element_type=\"widget\" data-e-type=\"widget\" data-widget_type=\"heading.default\">\n\t\t\t\t<div class=\"elementor-widget-container\">\n\t\t\t\t\t<h2 class=\"elementor-heading-title elementor-size-default\">\u00a1Escr\u00edbenos!<\/h2>\t\t\t\t<\/div>\n\t\t\t\t<\/div>\n\t\t\t\t<div class=\"elementor-element elementor-element-cb7fd09 elementor-widget elementor-widget-shortcode\" data-id=\"cb7fd09\" data-element_type=\"widget\" data-e-type=\"widget\" data-widget_type=\"shortcode.default\">\n\t\t\t\t<div class=\"elementor-widget-container\">\n\t\t\t\t\t\t\t<div class=\"elementor-shortcode\"><form id=\"forminator-module-4811\" class=\"forminator-custom-form forminator-custom-form-4811\" method=\"post\" data-forminator-render=\"0\" data-uid=\"69df301744c7a\" action=\"\"><div role=\"alert\" aria-live=\"polite\" class=\"forminator-response-message forminator-error\" aria-hidden=\"true\"><\/div><input type=\"hidden\" name=\"trp-form-language\" value=\"en\"\/><\/form><\/div>\n\t\t\t\t\t\t<\/div>\n\t\t\t\t<\/div>\n\t\t\t\t\t<\/div>\n\t\t\t\t<\/div>\n\t\t\t\t\t<\/div>\n\t\t\t\t<\/div>\n\t\t<div class=\"elementor-element elementor-element-3251cf4 elementor-hidden-desktop elementor-hidden-tablet elementor-hidden-mobile e-flex e-con-boxed e-con e-parent\" data-id=\"3251cf4\" data-element_type=\"container\" data-e-type=\"container\">\n\t\t\t\t\t<div class=\"e-con-inner\">\n\t\t<div class=\"elementor-element elementor-element-a83fa2f e-con-full e-flex e-con e-child\" data-id=\"a83fa2f\" data-element_type=\"container\" data-e-type=\"container\">\n\t\t<div class=\"elementor-element elementor-element-c8b88ea e-con-full e-flex e-con e-child\" data-id=\"c8b88ea\" data-element_type=\"container\" data-e-type=\"container\">\n\t\t<div class=\"elementor-element elementor-element-56d20c6 e-con-full e-flex e-con e-child\" data-id=\"56d20c6\" data-element_type=\"container\" data-e-type=\"container\">\n\t\t<div class=\"elementor-element elementor-element-b3e4c85 e-con-full e-flex e-con e-child\" data-id=\"b3e4c85\" data-element_type=\"container\" data-e-type=\"container\" data-settings=\"{&quot;background_background&quot;:&quot;classic&quot;}\">\n\t\t<div class=\"elementor-element elementor-element-d8365a7 e-con-full e-flex e-con e-child\" data-id=\"d8365a7\" data-element_type=\"container\" data-e-type=\"container\" data-settings=\"{&quot;background_background&quot;:&quot;classic&quot;}\">\n\t\t<div class=\"elementor-element elementor-element-5f4a7a6 e-con-full e-flex e-con e-child\" data-id=\"5f4a7a6\" data-element_type=\"container\" data-e-type=\"container\" data-settings=\"{&quot;background_background&quot;:&quot;classic&quot;}\">\n\t\t<div class=\"elementor-element elementor-element-1051332 e-con-full e-flex e-con e-child\" data-id=\"1051332\" data-element_type=\"container\" data-e-type=\"container\">\n\t\t\t\t<div class=\"elementor-element elementor-element-4261361 elementor-view-default elementor-widget elementor-widget-icon\" data-id=\"4261361\" data-element_type=\"widget\" data-e-type=\"widget\" data-widget_type=\"icon.default\">\n\t\t\t\t<div class=\"elementor-widget-container\">\n\t\t\t\t\t\t\t<div class=\"elementor-icon-wrapper\">\n\t\t\t<div class=\"elementor-icon\">\n\t\t\t<svg aria-hidden=\"true\" class=\"e-font-icon-svg e-fas-hammer\" viewbox=\"0 0 576 512\" xmlns=\"http:\/\/www.w3.org\/2000\/svg\"><path d=\"M571.31 193.94l-22.63-22.63c-6.25-6.25-16.38-6.25-22.63 0l-11.31 11.31-28.9-28.9c5.63-21.31.36-44.9-16.35-61.61l-45.25-45.25c-62.48-62.48-163.79-62.48-226.28 0l90.51 45.25v18.75c0 16.97 6.74 33.25 18.75 45.25l49.14 49.14c16.71 16.71 40.3 21.98 61.61 16.35l28.9 28.9-11.31 11.31c-6.25 6.25-6.25 16.38 0 22.63l22.63 22.63c6.25 6.25 16.38 6.25 22.63 0l90.51-90.51c6.23-6.24 6.23-16.37-.02-22.62zm-286.72-15.2c-3.7-3.7-6.84-7.79-9.85-11.95L19.64 404.96c-25.57 23.88-26.26 64.19-1.53 88.93s65.05 24.05 88.93-1.53l238.13-255.07c-3.96-2.91-7.9-5.87-11.44-9.41l-49.14-49.14z\"><\/path><\/svg>\t\t\t<\/div>\n\t\t<\/div>\n\t\t\t\t\t\t<\/div>\n\t\t\t\t<\/div>\n\t\t\t\t<div class=\"elementor-element elementor-element-89dd8db elementor-widget elementor-widget-heading\" data-id=\"89dd8db\" data-element_type=\"widget\" data-e-type=\"widget\" data-widget_type=\"heading.default\">\n\t\t\t\t<div class=\"elementor-widget-container\">\n\t\t\t\t\t<h2 class=\"elementor-heading-title elementor-size-default\">CONTACTO DE <br>SOPORTE T\u00c9CNICO<\/h2>\t\t\t\t<\/div>\n\t\t\t\t<\/div>\n\t\t\t\t<\/div>\n\t\t\t\t<\/div>\n\t\t\t\t<\/div>\n\t\t\t\t<\/div>\n\t\t\t\t<\/div>\n\t\t<div class=\"elementor-element elementor-element-b14e42f e-con-full e-flex e-con e-child\" data-id=\"b14e42f\" data-element_type=\"container\" data-e-type=\"container\" data-settings=\"{&quot;background_background&quot;:&quot;classic&quot;}\">\n\t\t\t\t<div class=\"elementor-element elementor-element-e3146fb elementor-widget elementor-widget-shortcode\" data-id=\"e3146fb\" data-element_type=\"widget\" data-e-type=\"widget\" data-widget_type=\"shortcode.default\">\n\t\t\t\t<div class=\"elementor-widget-container\">\n\t\t\t\t\t\t\t<div class=\"elementor-shortcode\"><form id=\"forminator-module-4811\" class=\"forminator-custom-form forminator-custom-form-4811\" method=\"post\" data-forminator-render=\"1\" data-uid=\"69df30174626b\" action=\"\"><div role=\"alert\" aria-live=\"polite\" class=\"forminator-response-message forminator-error\" aria-hidden=\"true\"><\/div><input type=\"hidden\" name=\"trp-form-language\" value=\"en\"\/><\/form><\/div>\n\t\t\t\t\t\t<\/div>\n\t\t\t\t<\/div>\n\t\t\t\t<\/div>\n\t\t\t\t<\/div>\n\t\t\t\t<\/div>\n\t\t\t\t\t<\/div>\n\t\t\t\t<\/div>\n\t\t<div class=\"elementor-element elementor-element-4ee858b e-flex e-con-boxed e-con e-parent\" data-id=\"4ee858b\" data-element_type=\"container\" data-e-type=\"container\">\n\t\t\t\t\t<div class=\"e-con-inner\">\n\t\t\t\t<div class=\"elementor-element elementor-element-507436d elementor-widget elementor-widget-spacer\" data-id=\"507436d\" data-element_type=\"widget\" data-e-type=\"widget\" data-widget_type=\"spacer.default\">\n\t\t\t\t<div class=\"elementor-widget-container\">\n\t\t\t\t\t\t\t<div class=\"elementor-spacer\">\n\t\t\t<div class=\"elementor-spacer-inner\"><\/div>\n\t\t<\/div>\n\t\t\t\t\t\t<\/div>\n\t\t\t\t<\/div>\n\t\t\t\t\t<\/div>\n\t\t\t\t<\/div>\n\t\t\t\t<\/div>","protected":false},"excerpt":{"rendered":"<p>Contacto de Soporte T\u00e9cnico Si necesitas asistencia personalizada, nuestro equipo de soporte est\u00e1 aqu\u00ed para ayudarte. Puedes ponerte en contacto [&hellip;]<\/p>\n","protected":false},"author":3,"featured_media":5151,"parent":0,"menu_order":0,"comment_status":"closed","ping_status":"closed","template":"","meta":{"_monsterinsights_skip_tracking":false,"_monsterinsights_sitenote_active":false,"_monsterinsights_sitenote_note":"","_monsterinsights_sitenote_category":0,"site-sidebar-layout":"no-sidebar","site-content-layout":"","ast-site-content-layout":"full-width-container","site-content-style":"default","site-sidebar-style":"default","ast-global-header-display":"","ast-banner-title-visibility":"","ast-main-header-display":"","ast-hfb-above-header-display":"","ast-hfb-below-header-display":"","ast-hfb-mobile-header-display":"","site-post-title":"disabled","ast-breadcrumbs-content":"","ast-featured-img":"disabled","footer-sml-layout":"","ast-disable-related-posts":"","theme-transparent-header-meta":"","adv-header-id-meta":"","stick-header-meta":"","header-above-stick-meta":"","header-main-stick-meta":"","header-below-stick-meta":"","astra-migrate-meta-layouts":"default","ast-page-background-enabled":"default","ast-page-background-meta":{"desktop":{"background-color":"var(--ast-global-color-4)","background-image":"","background-repeat":"repeat","background-position":"center center","background-size":"auto","background-attachment":"scroll","background-type":"","background-media":"","overlay-type":"","overlay-color":"","overlay-opacity":"","overlay-gradient":""},"tablet":{"background-color":"","background-image":"","background-repeat":"repeat","background-position":"center center","background-size":"auto","background-attachment":"scroll","background-type":"","background-media":"","overlay-type":"","overlay-color":"","overlay-opacity":"","overlay-gradient":""},"mobile":{"background-color":"","background-image":"","background-repeat":"repeat","background-position":"center center","background-size":"auto","background-attachment":"scroll","background-type":"","background-media":"","overlay-type":"","overlay-color":"","overlay-opacity":"","overlay-gradient":""}},"ast-content-background-meta":{"desktop":{"background-color":"var(--ast-global-color-5)","background-image":"","background-repeat":"repeat","background-position":"center center","background-size":"auto","background-attachment":"scroll","background-type":"","background-media":"","overlay-type":"","overlay-color":"","overlay-opacity":"","overlay-gradient":""},"tablet":{"background-color":"var(--ast-global-color-5)","background-image":"","background-repeat":"repeat","background-position":"center center","background-size":"auto","background-attachment":"scroll","background-type":"","background-media":"","overlay-type":"","overlay-color":"","overlay-opacity":"","overlay-gradient":""},"mobile":{"background-color":"var(--ast-global-color-5)","background-image":"","background-repeat":"repeat","background-position":"center center","background-size":"auto","background-attachment":"scroll","background-type":"","background-media":"","overlay-type":"","overlay-color":"","overlay-opacity":"","overlay-gradient":""}},"footnotes":""},"class_list":["post-4800","page","type-page","status-publish","has-post-thumbnail","hentry"],"yoast_head":"<!-- This site is optimized with the Yoast SEO plugin v27.3 - https:\/\/yoast.com\/product\/yoast-seo-wordpress\/ -->\n<title>Contacto de Soporte T\u00e9cnico - Somos Tedexis - Soluciones m\u00f3viles seguras<\/title>\n<meta name=\"robots\" content=\"index, follow, max-snippet:-1, max-image-preview:large, max-video-preview:-1\" \/>\n<link rel=\"canonical\" href=\"https:\/\/www.tedexis.com\/en\/contacto-de-soporte-tecnico\/\" \/>\n<meta property=\"og:locale\" content=\"en_US\" \/>\n<meta property=\"og:type\" content=\"article\" \/>\n<meta property=\"og:title\" content=\"Contacto de Soporte T\u00e9cnico - Somos Tedexis - Soluciones m\u00f3viles seguras\" \/>\n<meta property=\"og:description\" content=\"Contacto de Soporte T\u00e9cnico Si necesitas asistencia personalizada, nuestro equipo de soporte est\u00e1 aqu\u00ed para ayudarte. Puedes ponerte en contacto [&hellip;]\" \/>\n<meta property=\"og:url\" content=\"https:\/\/www.tedexis.com\/en\/contacto-de-soporte-tecnico\/\" \/>\n<meta property=\"og:site_name\" content=\"Somos Tedexis - Soluciones m\u00f3viles seguras\" \/>\n<meta property=\"article:publisher\" content=\"https:\/\/www.facebook.com\/Tedexis\" \/>\n<meta property=\"article:modified_time\" content=\"2025-02-28T04:54:03+00:00\" \/>\n<meta property=\"og:image\" content=\"https:\/\/www.tedexis.com\/wp-content\/uploads\/2024\/06\/CONTACTO-SOPORTE.jpg\" \/>\n\t<meta property=\"og:image:width\" content=\"1920\" \/>\n\t<meta property=\"og:image:height\" content=\"1080\" \/>\n\t<meta property=\"og:image:type\" content=\"image\/jpeg\" \/>\n<meta name=\"twitter:card\" content=\"summary_large_image\" \/>\n<meta name=\"twitter:site\" content=\"@tedexis\" \/>\n<meta name=\"twitter:label1\" content=\"Est. reading time\" \/>\n\t<meta name=\"twitter:data1\" content=\"1 minute\" \/>\n<script type=\"application\/ld+json\" class=\"yoast-schema-graph\">{\"@context\":\"https:\\\/\\\/schema.org\",\"@graph\":[{\"@type\":\"WebPage\",\"@id\":\"https:\\\/\\\/www.tedexis.com\\\/contacto-de-soporte-tecnico\\\/\",\"url\":\"https:\\\/\\\/www.tedexis.com\\\/contacto-de-soporte-tecnico\\\/\",\"name\":\"Contacto de Soporte T\u00e9cnico - Somos Tedexis - Soluciones m\u00f3viles seguras\",\"isPartOf\":{\"@id\":\"https:\\\/\\\/www.tedexis.com\\\/#website\"},\"primaryImageOfPage\":{\"@id\":\"https:\\\/\\\/www.tedexis.com\\\/contacto-de-soporte-tecnico\\\/#primaryimage\"},\"image\":{\"@id\":\"https:\\\/\\\/www.tedexis.com\\\/contacto-de-soporte-tecnico\\\/#primaryimage\"},\"thumbnailUrl\":\"https:\\\/\\\/www.tedexis.com\\\/wp-content\\\/uploads\\\/2024\\\/06\\\/CONTACTO-SOPORTE.jpg\",\"datePublished\":\"2024-06-21T14:49:08+00:00\",\"dateModified\":\"2025-02-28T04:54:03+00:00\",\"breadcrumb\":{\"@id\":\"https:\\\/\\\/www.tedexis.com\\\/contacto-de-soporte-tecnico\\\/#breadcrumb\"},\"inLanguage\":\"en-US\",\"potentialAction\":[{\"@type\":\"ReadAction\",\"target\":[\"https:\\\/\\\/www.tedexis.com\\\/contacto-de-soporte-tecnico\\\/\"]}]},{\"@type\":\"ImageObject\",\"inLanguage\":\"en-US\",\"@id\":\"https:\\\/\\\/www.tedexis.com\\\/contacto-de-soporte-tecnico\\\/#primaryimage\",\"url\":\"https:\\\/\\\/www.tedexis.com\\\/wp-content\\\/uploads\\\/2024\\\/06\\\/CONTACTO-SOPORTE.jpg\",\"contentUrl\":\"https:\\\/\\\/www.tedexis.com\\\/wp-content\\\/uploads\\\/2024\\\/06\\\/CONTACTO-SOPORTE.jpg\",\"width\":1920,\"height\":1080,\"caption\":\"CONTACTO-SOPORTE\"},{\"@type\":\"BreadcrumbList\",\"@id\":\"https:\\\/\\\/www.tedexis.com\\\/contacto-de-soporte-tecnico\\\/#breadcrumb\",\"itemListElement\":[{\"@type\":\"ListItem\",\"position\":1,\"name\":\"Portada\",\"item\":\"https:\\\/\\\/www.tedexis.com\\\/\"},{\"@type\":\"ListItem\",\"position\":2,\"name\":\"Contacto de Soporte T\u00e9cnico\"}]},{\"@type\":\"WebSite\",\"@id\":\"https:\\\/\\\/www.tedexis.com\\\/#website\",\"url\":\"https:\\\/\\\/www.tedexis.com\\\/\",\"name\":\"Somos Tedexis - Soluciones m\u00f3viles seguras\",\"description\":\"Tedexis es una empresa l\u00edder en soluciones m\u00f3viles, mensajer\u00eda y gesti\u00f3n de tr\u00e1fico SMS en Am\u00e9rica Latina. Cont\u00e1ctanos hoy mismo.\",\"publisher\":{\"@id\":\"https:\\\/\\\/www.tedexis.com\\\/#organization\"},\"alternateName\":\"Tedexis\",\"potentialAction\":[{\"@type\":\"SearchAction\",\"target\":{\"@type\":\"EntryPoint\",\"urlTemplate\":\"https:\\\/\\\/www.tedexis.com\\\/?s={search_term_string}\"},\"query-input\":{\"@type\":\"PropertyValueSpecification\",\"valueRequired\":true,\"valueName\":\"search_term_string\"}}],\"inLanguage\":\"en-US\"},{\"@type\":\"Organization\",\"@id\":\"https:\\\/\\\/www.tedexis.com\\\/#organization\",\"name\":\"Tedexis\",\"alternateName\":\"Tedexis\",\"url\":\"https:\\\/\\\/www.tedexis.com\\\/\",\"logo\":{\"@type\":\"ImageObject\",\"inLanguage\":\"en-US\",\"@id\":\"https:\\\/\\\/www.tedexis.com\\\/#\\\/schema\\\/logo\\\/image\\\/\",\"url\":\"https:\\\/\\\/www.tedexis.com\\\/wp-content\\\/uploads\\\/2024\\\/06\\\/logo-tipografia-tedexis2-.png\",\"contentUrl\":\"https:\\\/\\\/www.tedexis.com\\\/wp-content\\\/uploads\\\/2024\\\/06\\\/logo-tipografia-tedexis2-.png\",\"width\":1240,\"height\":429,\"caption\":\"Tedexis\"},\"image\":{\"@id\":\"https:\\\/\\\/www.tedexis.com\\\/#\\\/schema\\\/logo\\\/image\\\/\"},\"sameAs\":[\"https:\\\/\\\/www.facebook.com\\\/Tedexis\",\"https:\\\/\\\/x.com\\\/tedexis\",\"https:\\\/\\\/www.linkedin.com\\\/company\\\/tedexis\\\/\"]}]}<\/script>\n<!-- \/ Yoast SEO plugin. -->","yoast_head_json":{"title":"Contacto de Soporte T\u00e9cnico - Somos Tedexis - Soluciones m\u00f3viles seguras","robots":{"index":"index","follow":"follow","max-snippet":"max-snippet:-1","max-image-preview":"max-image-preview:large","max-video-preview":"max-video-preview:-1"},"canonical":"https:\/\/www.tedexis.com\/en\/contacto-de-soporte-tecnico\/","og_locale":"en_US","og_type":"article","og_title":"Contacto de Soporte T\u00e9cnico - Somos Tedexis - Soluciones m\u00f3viles seguras","og_description":"Contacto de Soporte T\u00e9cnico Si necesitas asistencia personalizada, nuestro equipo de soporte est\u00e1 aqu\u00ed para ayudarte. Puedes ponerte en contacto [&hellip;]","og_url":"https:\/\/www.tedexis.com\/en\/contacto-de-soporte-tecnico\/","og_site_name":"Somos Tedexis - Soluciones m\u00f3viles seguras","article_publisher":"https:\/\/www.facebook.com\/Tedexis","article_modified_time":"2025-02-28T04:54:03+00:00","og_image":[{"width":1920,"height":1080,"url":"https:\/\/www.tedexis.com\/wp-content\/uploads\/2024\/06\/CONTACTO-SOPORTE.jpg","type":"image\/jpeg"}],"twitter_card":"summary_large_image","twitter_site":"@tedexis","twitter_misc":{"Est. reading time":"1 minute"},"schema":{"@context":"https:\/\/schema.org","@graph":[{"@type":"WebPage","@id":"https:\/\/www.tedexis.com\/contacto-de-soporte-tecnico\/","url":"https:\/\/www.tedexis.com\/contacto-de-soporte-tecnico\/","name":"Contacto de Soporte T\u00e9cnico - Somos Tedexis - Soluciones m\u00f3viles seguras","isPartOf":{"@id":"https:\/\/www.tedexis.com\/#website"},"primaryImageOfPage":{"@id":"https:\/\/www.tedexis.com\/contacto-de-soporte-tecnico\/#primaryimage"},"image":{"@id":"https:\/\/www.tedexis.com\/contacto-de-soporte-tecnico\/#primaryimage"},"thumbnailUrl":"https:\/\/www.tedexis.com\/wp-content\/uploads\/2024\/06\/CONTACTO-SOPORTE.jpg","datePublished":"2024-06-21T14:49:08+00:00","dateModified":"2025-02-28T04:54:03+00:00","breadcrumb":{"@id":"https:\/\/www.tedexis.com\/contacto-de-soporte-tecnico\/#breadcrumb"},"inLanguage":"en-US","potentialAction":[{"@type":"ReadAction","target":["https:\/\/www.tedexis.com\/contacto-de-soporte-tecnico\/"]}]},{"@type":"ImageObject","inLanguage":"en-US","@id":"https:\/\/www.tedexis.com\/contacto-de-soporte-tecnico\/#primaryimage","url":"https:\/\/www.tedexis.com\/wp-content\/uploads\/2024\/06\/CONTACTO-SOPORTE.jpg","contentUrl":"https:\/\/www.tedexis.com\/wp-content\/uploads\/2024\/06\/CONTACTO-SOPORTE.jpg","width":1920,"height":1080,"caption":"CONTACTO-SOPORTE"},{"@type":"BreadcrumbList","@id":"https:\/\/www.tedexis.com\/contacto-de-soporte-tecnico\/#breadcrumb","itemListElement":[{"@type":"ListItem","position":1,"name":"Portada","item":"https:\/\/www.tedexis.com\/"},{"@type":"ListItem","position":2,"name":"Contacto de Soporte T\u00e9cnico"}]},{"@type":"WebSite","@id":"https:\/\/www.tedexis.com\/#website","url":"https:\/\/www.tedexis.com\/","name":"Somos Tedexis - Soluciones m\u00f3viles seguras","description":"Tedexis es una empresa l\u00edder en soluciones m\u00f3viles, mensajer\u00eda y gesti\u00f3n de tr\u00e1fico SMS en Am\u00e9rica Latina. Cont\u00e1ctanos hoy mismo.","publisher":{"@id":"https:\/\/www.tedexis.com\/#organization"},"alternateName":"Tedexis","potentialAction":[{"@type":"SearchAction","target":{"@type":"EntryPoint","urlTemplate":"https:\/\/www.tedexis.com\/?s={search_term_string}"},"query-input":{"@type":"PropertyValueSpecification","valueRequired":true,"valueName":"search_term_string"}}],"inLanguage":"en-US"},{"@type":"Organization","@id":"https:\/\/www.tedexis.com\/#organization","name":"Tedexis","alternateName":"Tedexis","url":"https:\/\/www.tedexis.com\/","logo":{"@type":"ImageObject","inLanguage":"en-US","@id":"https:\/\/www.tedexis.com\/#\/schema\/logo\/image\/","url":"https:\/\/www.tedexis.com\/wp-content\/uploads\/2024\/06\/logo-tipografia-tedexis2-.png","contentUrl":"https:\/\/www.tedexis.com\/wp-content\/uploads\/2024\/06\/logo-tipografia-tedexis2-.png","width":1240,"height":429,"caption":"Tedexis"},"image":{"@id":"https:\/\/www.tedexis.com\/#\/schema\/logo\/image\/"},"sameAs":["https:\/\/www.facebook.com\/Tedexis","https:\/\/x.com\/tedexis","https:\/\/www.linkedin.com\/company\/tedexis\/"]}]}},"_links":{"self":[{"href":"https:\/\/www.tedexis.com\/en\/wp-json\/wp\/v2\/pages\/4800","targetHints":{"allow":["GET"]}}],"collection":[{"href":"https:\/\/www.tedexis.com\/en\/wp-json\/wp\/v2\/pages"}],"about":[{"href":"https:\/\/www.tedexis.com\/en\/wp-json\/wp\/v2\/types\/page"}],"author":[{"embeddable":true,"href":"https:\/\/www.tedexis.com\/en\/wp-json\/wp\/v2\/users\/3"}],"replies":[{"embeddable":true,"href":"https:\/\/www.tedexis.com\/en\/wp-json\/wp\/v2\/comments?post=4800"}],"version-history":[{"count":94,"href":"https:\/\/www.tedexis.com\/en\/wp-json\/wp\/v2\/pages\/4800\/revisions"}],"predecessor-version":[{"id":6654,"href":"https:\/\/www.tedexis.com\/en\/wp-json\/wp\/v2\/pages\/4800\/revisions\/6654"}],"wp:featuredmedia":[{"embeddable":true,"href":"https:\/\/www.tedexis.com\/en\/wp-json\/wp\/v2\/media\/5151"}],"wp:attachment":[{"href":"https:\/\/www.tedexis.com\/en\/wp-json\/wp\/v2\/media?parent=4800"}],"curies":[{"name":"wp","href":"https:\/\/api.w.org\/{rel}","templated":true}]}}