{"id":214,"date":"2013-07-08T17:19:48","date_gmt":"2013-07-08T17:19:48","guid":{"rendered":"http:\/\/localhost\/renova\/?page_id=214"},"modified":"2014-09-16T13:29:52","modified_gmt":"2014-09-16T17:59:52","slug":"test","status":"publish","type":"page","link":"https:\/\/www.tedexis.com\/en\/test\/","title":{"rendered":"Basic Page"},"content":{"rendered":"<p>[row additional_class=\u00bbadd-top\u00bb][column span=\u00bb12&#8243;][shoutout shout_by=\u00bbJohn Doe, Founder\u00bb]A great design does not come from an hour or two, but there are countless days of hardwork behind everything that looks nice, and the efforts behind it crafts a stunning and unique experience. That&#8217;s what we call as a perfect design![\/shoutout][\/column][\/row][row additional_class=\u00bbadd-top\u00bb][column span=\u00bb8&#8243;][padding][sub_heading]Renova Story[\/sub_heading]<\/p>\n<p>Lorem ipsum dolor sit amet, consectetur.. Ut eu semper turpis. In gravida leo laoreet magna blandit et malesuada lorem luctus. Aliquam quis cursus justo. Nulla vehicula nulla ante, non dapibus nisi. Praesent et libero accumsan tellus bibendum congue quis nec arcu. Nunc aliquet nibh in urna tincidunt pellentesque.Lorem ipsum dolor sit amet, consectetur.. Ut eu semper turpis. In gravida leo laoreet magna blandit et malesuada lorem luctus. Aliquam quis cursus justo. Nulla vehicula nulla ante, non dapibus nisi. Praesent et libero accumsan tellus bibendum congue quis nec arcu. Nunc aliquet nibh in urna tincidunt pellentesque. Curabitur lobortis tempus dignissim. In libero est, faucibus facilisis bibendum a, cursus eu purus. Fusce a urna lorem. Morbi vel velit tellus, et rhoncus diam.<\/p>\n<p>[\/padding][\/column][column span=\u00bb4&#8243;][padding][skillset][skill size=\u00bb85&#8243;]HTML[\/skill][skill size=\u00bb90&#8243;]CSS[\/skill][skill size=\u00bb81&#8243;]PHP[\/skill][skill size=\u00bb60&#8243;]JAVA[\/skill][\/skillset][\/padding][\/column][\/row][row additional_class=\u00bbadd-top-more\u00bb][column span=\u00bb12&#8243;][renova_heading]What our clients say about Renova[\/renova_heading][\/column][\/row][row][column span=\u00bb6&#8243; additional_class=\u00bbtestimonial-block\u00bb][testimonial name=\u00bbAnne Rockland\u00bb company=\u00bbABC Incorp.\u00bb photo=\u00bbhttp:\/\/designova.net\/themes\/wordpress\/renova\/wp-content\/uploads\/2013\/06\/011.jpg\u00bb]Renova is an awesome creative theme with unique design and fully responsive layout built with Bootstrap 2.3.2. It has everything you need to create a unique and stunning website[\/testimonial][\/column][column span=\u00bb6&#8243; additional_class=\u00bbtestimonial-block\u00bb][testimonial name=\u00bbJake Bertran\u00bb company=\u00bbUKB Solutions.\u00bb photo=\u00bbhttp:\/\/designova.net\/themes\/wordpress\/renova\/wp-content\/uploads\/2013\/06\/021.jpg\u00bb]Renova is an awesome creative theme with unique design and fully responsive layout built with Bootstrap 2.3.2. It has everything you need to create a unique and stunning website[\/testimonial][\/column][\/row][row additional_class=\u00bbadd-top-more\u00bb][column span=\u00bb12&#8243;]<\/p>\n<div class=\"hidden-phone hidden-tablet\">[renova_heading]The History of Renova at a Glance[\/renova_heading]<\/div>\n<p>[\/column][\/row][row additional_class=\u00bbadd-bottom hidden-phone hidden-ie8&#8243;][column span=\u00bb12&#8243;][timeline][timeline_event title=\u00bbRenova Creative founded\u00bb year=\u00bb2009&#8243; icon=\u00bbhttp:\/\/tedexis.com\/wp\/wp-content\/uploads\/2013\/06\/icon01.png\u00bb]Lorem ipsum dolor sit amet, consectetur.. Ut eu semper turpis. In gravida leo laoreet magna blandit et malesuada lorem luctus. Aliquam quis cursus justo. Nulla vehicula nulla ante, non dapibus nisi. Praesent et libero accumsan tellus bibendum congue quis nec arcu. Nunc aliquet nibh in urna tincidunt pellentesque. Aliquam quis cursus justo. Nulla vehicula nulla ante, non dapibus nisi. Praesent et libero accumsan tellus bibendum congue quis nec arcu. [\/timeline_event][timeline_event title=\u00bbJohn Doe joins Renova\u00bb year=\u00bb2010&#8243; icon=\u00bbhttp:\/\/tedexis.com\/wp\/wp-content\/uploads\/2013\/06\/icon02.png\u00bb]Lorem ipsum dolor sit amet, consectetur.. Ut eu semper turpis. In gravida leo laoreet magna blandit et malesuada lorem luctus. Aliquam quis cursus justo. Nulla vehicula nulla ante, non dapibus nisi. Praesent et libero accumsan tellus bibendum congue quis nec arcu. Nunc aliquet nibh in urna tincidunt pellentesque. Aliquam quis cursus justo. Nulla vehicula nulla ante, non dapibus nisi. Praesent et libero accumsan tellus bibendum congue quis nec arcu. [\/timeline_event][timeline_event title=\u00bbRenova acquires One LLC\u00bb year=\u00bb2011&#8243; icon=\u00bbhttp:\/\/tedexis.com\/wp\/wp-content\/uploads\/2013\/06\/icon03.png\u00bb]Lorem ipsum dolor sit amet, consectetur.. Ut eu semper turpis. In gravida leo laoreet magna blandit et malesuada lorem luctus. Aliquam quis cursus justo. Pellentesque. Aliquam quis cursus justo. Nulla vehicula nulla ante, non dapibus nisi. Praesent et libero accumsan tellus bibendum congue quis nec arcu. [\/timeline_event][timeline_event title=\u00bbMobile App Development\u00bb year=\u00bb2012&#8243; icon=\u00bbhttp:\/\/tedexis.com\/wp\/wp-content\/uploads\/2013\/06\/icon04.png\u00bb]Lorem ipsum dolor sit amet, consectetur.. Ut eu semper turpis. In gravida leo laoreet magna blandit et malesuada lorem luctus. Aliquam quis cursus justo. Nulla vehicula nulla ante, non dapibus nisi. Praesent et libero accumsan tellus bibendum congue quis nec arcu. Nunc aliquet nibh in urna tincidunt pellentesque. Aliquam quis cursus justo. Nulla vehicula nulla ante, non dapibus nisi. Praesent et libero accumsan tellus bibendum congue quis nec arcu. [\/timeline_event][timeline_event title=\u00bbRenova is on Fortune500!\u00bb year=\u00bb2013&#8243; icon=\u00bbhttp:\/\/tedexis.com\/wp\/wp-content\/uploads\/2013\/06\/icon05.png\u00bb]Lorem ipsum dolor sit amet, consectetur.. Ut eu semper turpis. In gravida leo laoreet magna blandit et malesuada lorem luctus. Aliquam quis cursus justo. Nulla vehicula nulla ante, non dapibus nisi. Praesent et libero accumsan tellus bibendum congue quis nec arcu. Nunc aliquet nibh in urna tincidunt pellentesque. Aliquam quis cursus justo. Nulla vehicula nulla ante, non dapibus nisi. Praesent et libero accumsan tellus bibendum congue quis nec arcu. [\/timeline_event][\/timeline][\/column][\/row][row additional_class=\u00bbadd-top-more\u00bb][column span=\u00bb12&#8243;][renova_heading]Awesome People Behind Renova[\/renova_heading][\/column][\/row][row additional_class=\u00bbadd-bottom-main\u00bb][team_member][member_image image=\u00bbhttp:\/\/designova.net\/themes\/wordpress\/renova\/wp-content\/uploads\/2013\/06\/013.png\u00bb][member_name name=\u00bbJohn Doe\u00bb designation=\u00bbManager\u00bb][member_social twitter=\u00bbtest\u00bb dribbble=\u00bbtest\u00bb facebook=\u00bbtest\u00bb][\/team_member][team_member][member_image image=\u00bbhttp:\/\/designova.net\/themes\/wordpress\/renova\/wp-content\/uploads\/2013\/06\/021.png\u00bb][member_name name=\u00bbJohn Doe\u00bb designation=\u00bbManager\u00bb][member_social twitter=\u00bbtest\u00bb dribbble=\u00bbtest\u00bb facebook=\u00bbtest\u00bb][\/team_member][team_member][member_image image=\u00bbhttp:\/\/designova.net\/themes\/wordpress\/renova\/wp-content\/uploads\/2013\/06\/031.png\u00bb][member_name name=\u00bbJohn Doe\u00bb designation=\u00bbManager\u00bb][member_social twitter=\u00bbtest\u00bb dribbble=\u00bbtest\u00bb facebook=\u00bbtest\u00bb][\/team_member][team_member][member_image image=\u00bbhttp:\/\/designova.net\/themes\/wordpress\/renova\/wp-content\/uploads\/2013\/06\/04.png\u00bb][member_name name=\u00bbJohn Doe\u00bb designation=\u00bbManager\u00bb][member_social twitter=\u00bbtest\u00bb dribbble=\u00bbtest\u00bb facebook=\u00bbtest\u00bb][\/team_member][\/row]<\/p>\n","protected":false},"excerpt":{"rendered":"<p>[row additional_class=\u00bbadd-top\u00bb][column span=\u00bb12&#8243;][shoutout shout_by=\u00bbJohn Doe, Founder\u00bb]A great design does not come from an hour or two, but there are countless [&hellip;]<\/p>\n","protected":false},"author":1,"featured_media":0,"parent":0,"menu_order":0,"comment_status":"open","ping_status":"open","template":"","meta":{"_monsterinsights_skip_tracking":false,"_monsterinsights_sitenote_active":false,"_monsterinsights_sitenote_note":"","_monsterinsights_sitenote_category":0,"site-sidebar-layout":"default","site-content-layout":"","ast-site-content-layout":"default","site-content-style":"default","site-sidebar-style":"default","ast-global-header-display":"","ast-banner-title-visibility":"","ast-main-header-display":"","ast-hfb-above-header-display":"","ast-hfb-below-header-display":"","ast-hfb-mobile-header-display":"","site-post-title":"","ast-breadcrumbs-content":"","ast-featured-img":"","footer-sml-layout":"","ast-disable-related-posts":"","theme-transparent-header-meta":"","adv-header-id-meta":"","stick-header-meta":"","header-above-stick-meta":"","header-main-stick-meta":"","header-below-stick-meta":"","astra-migrate-meta-layouts":"default","ast-page-background-enabled":"default","ast-page-background-meta":{"desktop":{"background-color":"var(--ast-global-color-4)","background-image":"","background-repeat":"repeat","background-position":"center center","background-size":"auto","background-attachment":"scroll","background-type":"","background-media":"","overlay-type":"","overlay-color":"","overlay-opacity":"","overlay-gradient":""},"tablet":{"background-color":"","background-image":"","background-repeat":"repeat","background-position":"center center","background-size":"auto","background-attachment":"scroll","background-type":"","background-media":"","overlay-type":"","overlay-color":"","overlay-opacity":"","overlay-gradient":""},"mobile":{"background-color":"","background-image":"","background-repeat":"repeat","background-position":"center center","background-size":"auto","background-attachment":"scroll","background-type":"","background-media":"","overlay-type":"","overlay-color":"","overlay-opacity":"","overlay-gradient":""}},"ast-content-background-meta":{"desktop":{"background-color":"var(--ast-global-color-5)","background-image":"","background-repeat":"repeat","background-position":"center center","background-size":"auto","background-attachment":"scroll","background-type":"","background-media":"","overlay-type":"","overlay-color":"","overlay-opacity":"","overlay-gradient":""},"tablet":{"background-color":"var(--ast-global-color-5)","background-image":"","background-repeat":"repeat","background-position":"center center","background-size":"auto","background-attachment":"scroll","background-type":"","background-media":"","overlay-type":"","overlay-color":"","overlay-opacity":"","overlay-gradient":""},"mobile":{"background-color":"var(--ast-global-color-5)","background-image":"","background-repeat":"repeat","background-position":"center center","background-size":"auto","background-attachment":"scroll","background-type":"","background-media":"","overlay-type":"","overlay-color":"","overlay-opacity":"","overlay-gradient":""}},"footnotes":""},"class_list":["post-214","page","type-page","status-publish","hentry"],"yoast_head":"<!-- This site is optimized with the Yoast SEO plugin v27.3 - https:\/\/yoast.com\/product\/yoast-seo-wordpress\/ -->\n<title>Basic Page - Somos Tedexis - Soluciones m\u00f3viles seguras<\/title>\n<meta name=\"robots\" content=\"index, follow, max-snippet:-1, max-image-preview:large, max-video-preview:-1\" \/>\n<link rel=\"canonical\" href=\"https:\/\/www.tedexis.com\/en\/test\/\" \/>\n<meta property=\"og:locale\" content=\"en_US\" \/>\n<meta property=\"og:type\" content=\"article\" \/>\n<meta property=\"og:title\" content=\"Basic Page - Somos Tedexis - Soluciones m\u00f3viles seguras\" \/>\n<meta property=\"og:description\" content=\"[row additional_class=\u00bbadd-top\u00bb][column span=\u00bb12&#8243;][shoutout shout_by=\u00bbJohn Doe, Founder\u00bb]A great design does not come from an hour or two, but there are countless [&hellip;]\" \/>\n<meta property=\"og:url\" content=\"https:\/\/www.tedexis.com\/en\/test\/\" \/>\n<meta property=\"og:site_name\" content=\"Somos Tedexis - Soluciones m\u00f3viles seguras\" \/>\n<meta property=\"article:publisher\" content=\"https:\/\/www.facebook.com\/Tedexis\" \/>\n<meta property=\"article:modified_time\" content=\"2014-09-16T17:59:52+00:00\" \/>\n<meta property=\"og:image\" content=\"https:\/\/www.tedexis.com\/wp-content\/uploads\/2024\/06\/logo-tipografia-tedexis2-1-1.png\" \/>\n\t<meta property=\"og:image:width\" content=\"1240\" \/>\n\t<meta property=\"og:image:height\" content=\"429\" \/>\n\t<meta property=\"og:image:type\" content=\"image\/png\" \/>\n<meta name=\"twitter:card\" content=\"summary_large_image\" \/>\n<meta name=\"twitter:site\" content=\"@tedexis\" \/>\n<meta name=\"twitter:label1\" content=\"Est. reading time\" \/>\n\t<meta name=\"twitter:data1\" content=\"5 minutes\" \/>\n<script type=\"application\/ld+json\" class=\"yoast-schema-graph\">{\"@context\":\"https:\\\/\\\/schema.org\",\"@graph\":[{\"@type\":\"WebPage\",\"@id\":\"https:\\\/\\\/www.tedexis.com\\\/test\\\/\",\"url\":\"https:\\\/\\\/www.tedexis.com\\\/test\\\/\",\"name\":\"Basic Page - Somos Tedexis - Soluciones m\u00f3viles seguras\",\"isPartOf\":{\"@id\":\"https:\\\/\\\/www.tedexis.com\\\/#website\"},\"datePublished\":\"2013-07-08T17:19:48+00:00\",\"dateModified\":\"2014-09-16T17:59:52+00:00\",\"breadcrumb\":{\"@id\":\"https:\\\/\\\/www.tedexis.com\\\/test\\\/#breadcrumb\"},\"inLanguage\":\"en-US\",\"potentialAction\":[{\"@type\":\"ReadAction\",\"target\":[\"https:\\\/\\\/www.tedexis.com\\\/test\\\/\"]}]},{\"@type\":\"BreadcrumbList\",\"@id\":\"https:\\\/\\\/www.tedexis.com\\\/test\\\/#breadcrumb\",\"itemListElement\":[{\"@type\":\"ListItem\",\"position\":1,\"name\":\"Portada\",\"item\":\"https:\\\/\\\/www.tedexis.com\\\/\"},{\"@type\":\"ListItem\",\"position\":2,\"name\":\"Basic Page\"}]},{\"@type\":\"WebSite\",\"@id\":\"https:\\\/\\\/www.tedexis.com\\\/#website\",\"url\":\"https:\\\/\\\/www.tedexis.com\\\/\",\"name\":\"Somos Tedexis - Soluciones m\u00f3viles seguras\",\"description\":\"Tedexis es una empresa l\u00edder en soluciones m\u00f3viles, mensajer\u00eda y gesti\u00f3n de tr\u00e1fico SMS en Am\u00e9rica Latina. Cont\u00e1ctanos hoy mismo.\",\"publisher\":{\"@id\":\"https:\\\/\\\/www.tedexis.com\\\/#organization\"},\"alternateName\":\"Tedexis\",\"potentialAction\":[{\"@type\":\"SearchAction\",\"target\":{\"@type\":\"EntryPoint\",\"urlTemplate\":\"https:\\\/\\\/www.tedexis.com\\\/?s={search_term_string}\"},\"query-input\":{\"@type\":\"PropertyValueSpecification\",\"valueRequired\":true,\"valueName\":\"search_term_string\"}}],\"inLanguage\":\"en-US\"},{\"@type\":\"Organization\",\"@id\":\"https:\\\/\\\/www.tedexis.com\\\/#organization\",\"name\":\"Tedexis\",\"alternateName\":\"Tedexis\",\"url\":\"https:\\\/\\\/www.tedexis.com\\\/\",\"logo\":{\"@type\":\"ImageObject\",\"inLanguage\":\"en-US\",\"@id\":\"https:\\\/\\\/www.tedexis.com\\\/#\\\/schema\\\/logo\\\/image\\\/\",\"url\":\"https:\\\/\\\/www.tedexis.com\\\/wp-content\\\/uploads\\\/2024\\\/06\\\/logo-tipografia-tedexis2-.png\",\"contentUrl\":\"https:\\\/\\\/www.tedexis.com\\\/wp-content\\\/uploads\\\/2024\\\/06\\\/logo-tipografia-tedexis2-.png\",\"width\":1240,\"height\":429,\"caption\":\"Tedexis\"},\"image\":{\"@id\":\"https:\\\/\\\/www.tedexis.com\\\/#\\\/schema\\\/logo\\\/image\\\/\"},\"sameAs\":[\"https:\\\/\\\/www.facebook.com\\\/Tedexis\",\"https:\\\/\\\/x.com\\\/tedexis\",\"https:\\\/\\\/www.linkedin.com\\\/company\\\/tedexis\\\/\"]}]}<\/script>\n<!-- \/ Yoast SEO plugin. -->","yoast_head_json":{"title":"Basic Page - Somos Tedexis - Soluciones m\u00f3viles seguras","robots":{"index":"index","follow":"follow","max-snippet":"max-snippet:-1","max-image-preview":"max-image-preview:large","max-video-preview":"max-video-preview:-1"},"canonical":"https:\/\/www.tedexis.com\/en\/test\/","og_locale":"en_US","og_type":"article","og_title":"Basic Page - Somos Tedexis - Soluciones m\u00f3viles seguras","og_description":"[row additional_class=\u00bbadd-top\u00bb][column span=\u00bb12&#8243;][shoutout shout_by=\u00bbJohn Doe, Founder\u00bb]A great design does not come from an hour or two, but there are countless [&hellip;]","og_url":"https:\/\/www.tedexis.com\/en\/test\/","og_site_name":"Somos Tedexis - Soluciones m\u00f3viles seguras","article_publisher":"https:\/\/www.facebook.com\/Tedexis","article_modified_time":"2014-09-16T17:59:52+00:00","og_image":[{"width":1240,"height":429,"url":"https:\/\/www.tedexis.com\/wp-content\/uploads\/2024\/06\/logo-tipografia-tedexis2-1-1.png","type":"image\/png"}],"twitter_card":"summary_large_image","twitter_site":"@tedexis","twitter_misc":{"Est. reading time":"5 minutes"},"schema":{"@context":"https:\/\/schema.org","@graph":[{"@type":"WebPage","@id":"https:\/\/www.tedexis.com\/test\/","url":"https:\/\/www.tedexis.com\/test\/","name":"Basic Page - Somos Tedexis - Soluciones m\u00f3viles seguras","isPartOf":{"@id":"https:\/\/www.tedexis.com\/#website"},"datePublished":"2013-07-08T17:19:48+00:00","dateModified":"2014-09-16T17:59:52+00:00","breadcrumb":{"@id":"https:\/\/www.tedexis.com\/test\/#breadcrumb"},"inLanguage":"en-US","potentialAction":[{"@type":"ReadAction","target":["https:\/\/www.tedexis.com\/test\/"]}]},{"@type":"BreadcrumbList","@id":"https:\/\/www.tedexis.com\/test\/#breadcrumb","itemListElement":[{"@type":"ListItem","position":1,"name":"Portada","item":"https:\/\/www.tedexis.com\/"},{"@type":"ListItem","position":2,"name":"Basic Page"}]},{"@type":"WebSite","@id":"https:\/\/www.tedexis.com\/#website","url":"https:\/\/www.tedexis.com\/","name":"Somos Tedexis - Soluciones m\u00f3viles seguras","description":"Tedexis es una empresa l\u00edder en soluciones m\u00f3viles, mensajer\u00eda y gesti\u00f3n de tr\u00e1fico SMS en Am\u00e9rica Latina. Cont\u00e1ctanos hoy mismo.","publisher":{"@id":"https:\/\/www.tedexis.com\/#organization"},"alternateName":"Tedexis","potentialAction":[{"@type":"SearchAction","target":{"@type":"EntryPoint","urlTemplate":"https:\/\/www.tedexis.com\/?s={search_term_string}"},"query-input":{"@type":"PropertyValueSpecification","valueRequired":true,"valueName":"search_term_string"}}],"inLanguage":"en-US"},{"@type":"Organization","@id":"https:\/\/www.tedexis.com\/#organization","name":"Tedexis","alternateName":"Tedexis","url":"https:\/\/www.tedexis.com\/","logo":{"@type":"ImageObject","inLanguage":"en-US","@id":"https:\/\/www.tedexis.com\/#\/schema\/logo\/image\/","url":"https:\/\/www.tedexis.com\/wp-content\/uploads\/2024\/06\/logo-tipografia-tedexis2-.png","contentUrl":"https:\/\/www.tedexis.com\/wp-content\/uploads\/2024\/06\/logo-tipografia-tedexis2-.png","width":1240,"height":429,"caption":"Tedexis"},"image":{"@id":"https:\/\/www.tedexis.com\/#\/schema\/logo\/image\/"},"sameAs":["https:\/\/www.facebook.com\/Tedexis","https:\/\/x.com\/tedexis","https:\/\/www.linkedin.com\/company\/tedexis\/"]}]}},"_links":{"self":[{"href":"https:\/\/www.tedexis.com\/en\/wp-json\/wp\/v2\/pages\/214","targetHints":{"allow":["GET"]}}],"collection":[{"href":"https:\/\/www.tedexis.com\/en\/wp-json\/wp\/v2\/pages"}],"about":[{"href":"https:\/\/www.tedexis.com\/en\/wp-json\/wp\/v2\/types\/page"}],"author":[{"embeddable":true,"href":"https:\/\/www.tedexis.com\/en\/wp-json\/wp\/v2\/users\/1"}],"replies":[{"embeddable":true,"href":"https:\/\/www.tedexis.com\/en\/wp-json\/wp\/v2\/comments?post=214"}],"version-history":[{"count":1,"href":"https:\/\/www.tedexis.com\/en\/wp-json\/wp\/v2\/pages\/214\/revisions"}],"predecessor-version":[{"id":736,"href":"https:\/\/www.tedexis.com\/en\/wp-json\/wp\/v2\/pages\/214\/revisions\/736"}],"wp:attachment":[{"href":"https:\/\/www.tedexis.com\/en\/wp-json\/wp\/v2\/media?parent=214"}],"curies":[{"name":"wp","href":"https:\/\/api.w.org\/{rel}","templated":true}]}}