{"id":130,"date":"2013-07-03T11:02:51","date_gmt":"2013-07-03T15:32:51","guid":{"rendered":"http:\/\/localhost\/renova\/?page_id=130"},"modified":"2024-05-24T14:13:34","modified_gmt":"2024-05-24T18:13:34","slug":"servicios","status":"publish","type":"page","link":"https:\/\/www.tedexis.com\/en\/servicios\/","title":{"rendered":"Servicios"},"content":{"rendered":"<p>[row additional_class=\u00bbadd-top add-bottom-services servicios\u00bb][highlight_box icon=\u00bbhttps:\/\/tedexis.com\/wp\/wp-content\/uploads\/2013\/07\/banca.png\u00bb color=\u00bb#1daed9&#8243; link=\u00bb\u00bb link_title=\u00bbConocer m\u00e1s\u00bb]Es el conjunto de soluciones dise\u00f1adas para que los Bancos e Instituciones Financieras implementen el uso del canal m\u00f3vil de forma sencilla y segura, haciendo que sus productos y servicios est\u00e9n disponibles a sus clientes a trav\u00e9s de sus equipos m\u00f3viles.[\/highlight_box][highlight_box title=\u00bbTDX Pagos\u00bb icon=\u00bbhttps:\/\/tedexis.com\/wp\/wp-content\/uploads\/2013\/07\/pagos.png\u00bb link=\u00bb\u00bb link_title=\u00bbConocer m\u00e1s\u00bb color=\u00bb#4b9649&#8243;]Nuestra experiencia integrando soluciones financieras transaccionales, plataformas bancarias m\u00f3viles, y desplegando soluciones para el usuario final, son la combinaci\u00f3n perfecta para acometer de forma exitosa proyectos de pagos m\u00f3viles, tanto como una extensi\u00f3n de servicios bancarios existentes, como creando redes de pagos y comercios independientes.[\/highlight_box][highlight_box title=\u00bbTDX Link\u00bb icon=\u00bbhttps:\/\/tedexis.com\/wp\/wp-content\/uploads\/2013\/07\/tdx-link.png\u00bb link=\u00bb\u00bb link_title=\u00bbConocer m\u00e1s\u00bb color=\u00bb#b2aead\u00bb]Es el servicio de conectividad SMS que ofrece Tedexis con todas las operadoras de telefon\u00eda m\u00f3vil en Am\u00e9rica Latina. Esta conectividad permite llegar a la totalidad de los usuarios para la interacci\u00f3n a trav\u00e9s del m\u00f3vil.[\/highlight_box][\/row][row additional_class=\u00bbadd-bottom servicios\u00bb][highlight_box title=\u00bbTDX Empresas\u00bb icon=\u00bbhttps:\/\/tedexis.com\/wp\/wp-content\/uploads\/2013\/07\/empresas.png\u00bb link=\u00bb\u00bb link_title=\u00bbConocer m\u00e1s\u00bb color=\u00bb#712e7f\u00bb]Es un conjunto de productos y servicios dirigidos a satisfacer el segmento empresarial, ofreciendo los beneficios de llevar sus procesos principales y la comunicaci\u00f3n al mundo m\u00f3vil de forma r\u00e1pida y sencilla. De esta forma tendr\u00e1 al alcance de sus clientes y relacionados la mayor\u00eda de sus servicios, y mejorar\u00e1 la comunicaci\u00f3n con los mismos.[\/highlight_box][highlight_box title=\u00bbTDX Seguro\u00bb icon=\u00bbhttps:\/\/tedexis.com\/wp\/wp-content\/uploads\/2013\/07\/seguro.png\u00bb link=\u00bb\u00bb link_title=\u00bbConocer m\u00e1s\u00bb color=\u00bb#b7042c\u00bb]Es un conjunto de productos y servicios dirigidos principalmente a las Empresas Aseguradoras, ayud\u00e1ndoles a integrar el canal m\u00f3vil a su estrategia comunicacional con clientes y asociados, permiti\u00e9ndoles a su vez, mejorar procesos y manejar costos m\u00e1s eficientemente.[\/highlight_box]<\/p>\n<div style=\"float: left; margin-top: 80px; margin-left: 30px;\">\n<p>1<\/p>\n<div style=\"float: left; margin-left: 10px;\"><img decoding=\"async\" src=\"https:\/\/tedexis.com\/wp\/wp-content\/uploads\/2014\/09\/web.png\" alt=\"Tedexis - Campa\u00f1as interactivas\" \/><\/div>\n<div style=\"float: right; padding-top: 5px; padding-left: 10px;\"><span style=\"color: #fff; font-size: 15px;\">Campa\u00f1as interactivas<br \/>\nAlertas \u00b7 Notificaciones<br \/>\nConsultas \u00b7 SMS-Marketing<\/span><\/div>\n<\/div>\n<div style=\"float: left; margin-top: 30px; margin-left: 30px; border-top-style: solid; border-color: #0B0426;\">\n<div style=\"float: left; margin-left: 10px;\"><img decoding=\"async\" src=\"https:\/\/tedexis.com\/wp\/wp-content\/uploads\/2014\/09\/app.png\" alt=\"Tedexis - Multiplataforma\" \/><\/div>\n<div style=\"float: right; padding-top: 10px; padding-left: 10px;\"><span style=\"color: #fff; font-size: 15px;\">Multiplataforma<br \/>\nExperiencia de usuario<br \/>\nGeolocalizaci\u00f3n \u00b7 Seguridad<\/span><\/div>\n<\/div>\n<div style=\"float: left; margin-left: 30px; margin-top: 30px; border-top-style: solid; border-color: #0B0426;\">\n<div style=\"float: left; margin-left: 10px;\"><img decoding=\"async\" src=\"https:\/\/tedexis.com\/wp\/wp-content\/uploads\/2014\/09\/com-multi.png\" alt=\"Tedexis - SMS \u00b7 Notificaciones\" \/><\/div>\n<div style=\"float: right; padding-top: 10px; padding-left: 10px;\"><span style=\"color: #fff; font-size: 15px;\">SMS \u00b7 Notificaciones push<br \/>\nE-mails \u00b7 Integraci\u00f3n a Apps<\/span><\/div>\n<\/div>\n<p>[\/row]<\/p>\n","protected":false},"excerpt":{"rendered":"<p>[row additional_class=\u00bbadd-top add-bottom-services servicios\u00bb][highlight_box icon=\u00bbhttps:\/\/tedexis.com\/wp\/wp-content\/uploads\/2013\/07\/banca.png\u00bb color=\u00bb#1daed9&#8243; link=\u00bb\u00bb link_title=\u00bbConocer m\u00e1s\u00bb]Es el conjunto de soluciones dise\u00f1adas para que los Bancos e Instituciones [&hellip;]<\/p>\n","protected":false},"author":1,"featured_media":0,"parent":0,"menu_order":4,"comment_status":"closed","ping_status":"closed","template":"","meta":{"_monsterinsights_skip_tracking":false,"_monsterinsights_sitenote_active":false,"_monsterinsights_sitenote_note":"","_monsterinsights_sitenote_category":0,"site-sidebar-layout":"default","site-content-layout":"","ast-site-content-layout":"default","site-content-style":"default","site-sidebar-style":"default","ast-global-header-display":"","ast-banner-title-visibility":"","ast-main-header-display":"","ast-hfb-above-header-display":"","ast-hfb-below-header-display":"","ast-hfb-mobile-header-display":"","site-post-title":"","ast-breadcrumbs-content":"","ast-featured-img":"","footer-sml-layout":"","ast-disable-related-posts":"","theme-transparent-header-meta":"","adv-header-id-meta":"","stick-header-meta":"","header-above-stick-meta":"","header-main-stick-meta":"","header-below-stick-meta":"","astra-migrate-meta-layouts":"default","ast-page-background-enabled":"default","ast-page-background-meta":{"desktop":{"background-color":"var(--ast-global-color-4)","background-image":"","background-repeat":"repeat","background-position":"center center","background-size":"auto","background-attachment":"scroll","background-type":"","background-media":"","overlay-type":"","overlay-color":"","overlay-opacity":"","overlay-gradient":""},"tablet":{"background-color":"","background-image":"","background-repeat":"repeat","background-position":"center center","background-size":"auto","background-attachment":"scroll","background-type":"","background-media":"","overlay-type":"","overlay-color":"","overlay-opacity":"","overlay-gradient":""},"mobile":{"background-color":"","background-image":"","background-repeat":"repeat","background-position":"center center","background-size":"auto","background-attachment":"scroll","background-type":"","background-media":"","overlay-type":"","overlay-color":"","overlay-opacity":"","overlay-gradient":""}},"ast-content-background-meta":{"desktop":{"background-color":"var(--ast-global-color-5)","background-image":"","background-repeat":"repeat","background-position":"center center","background-size":"auto","background-attachment":"scroll","background-type":"","background-media":"","overlay-type":"","overlay-color":"","overlay-opacity":"","overlay-gradient":""},"tablet":{"background-color":"var(--ast-global-color-5)","background-image":"","background-repeat":"repeat","background-position":"center center","background-size":"auto","background-attachment":"scroll","background-type":"","background-media":"","overlay-type":"","overlay-color":"","overlay-opacity":"","overlay-gradient":""},"mobile":{"background-color":"var(--ast-global-color-5)","background-image":"","background-repeat":"repeat","background-position":"center center","background-size":"auto","background-attachment":"scroll","background-type":"","background-media":"","overlay-type":"","overlay-color":"","overlay-opacity":"","overlay-gradient":""}},"footnotes":""},"class_list":["post-130","page","type-page","status-publish","hentry"],"yoast_head":"<!-- This site is optimized with the Yoast SEO plugin v27.3 - https:\/\/yoast.com\/product\/yoast-seo-wordpress\/ -->\n<title>Servicios - Somos Tedexis - Soluciones m\u00f3viles seguras<\/title>\n<meta name=\"robots\" content=\"index, follow, max-snippet:-1, max-image-preview:large, max-video-preview:-1\" \/>\n<link rel=\"canonical\" href=\"https:\/\/www.tedexis.com\/en\/servicios\/\" \/>\n<meta property=\"og:locale\" content=\"en_US\" \/>\n<meta property=\"og:type\" content=\"article\" \/>\n<meta property=\"og:title\" content=\"Servicios - Somos Tedexis - Soluciones m\u00f3viles seguras\" \/>\n<meta property=\"og:description\" content=\"[row additional_class=\u00bbadd-top add-bottom-services servicios\u00bb][highlight_box icon=\u00bbhttps:\/\/tedexis.com\/wp\/wp-content\/uploads\/2013\/07\/banca.png\u00bb color=\u00bb#1daed9&#8243; link=\u00bb\u00bb link_title=\u00bbConocer m\u00e1s\u00bb]Es el conjunto de soluciones dise\u00f1adas para que los Bancos e Instituciones [&hellip;]\" \/>\n<meta property=\"og:url\" content=\"https:\/\/www.tedexis.com\/en\/servicios\/\" \/>\n<meta property=\"og:site_name\" content=\"Somos Tedexis - Soluciones m\u00f3viles seguras\" \/>\n<meta property=\"article:publisher\" content=\"https:\/\/www.facebook.com\/Tedexis\" \/>\n<meta property=\"article:modified_time\" content=\"2024-05-24T18:13:34+00:00\" \/>\n<meta property=\"og:image\" content=\"https:\/\/tedexis.com\/wp\/wp-content\/uploads\/2014\/09\/web.png\" \/>\n<meta name=\"twitter:card\" content=\"summary_large_image\" \/>\n<meta name=\"twitter:site\" content=\"@tedexis\" \/>\n<meta name=\"twitter:label1\" content=\"Est. reading time\" \/>\n\t<meta name=\"twitter:data1\" content=\"2 minutes\" \/>\n<script type=\"application\/ld+json\" class=\"yoast-schema-graph\">{\"@context\":\"https:\\\/\\\/schema.org\",\"@graph\":[{\"@type\":\"WebPage\",\"@id\":\"https:\\\/\\\/www.tedexis.com\\\/servicios\\\/\",\"url\":\"https:\\\/\\\/www.tedexis.com\\\/servicios\\\/\",\"name\":\"Servicios - Somos Tedexis - Soluciones m\u00f3viles seguras\",\"isPartOf\":{\"@id\":\"https:\\\/\\\/www.tedexis.com\\\/#website\"},\"primaryImageOfPage\":{\"@id\":\"https:\\\/\\\/www.tedexis.com\\\/servicios\\\/#primaryimage\"},\"image\":{\"@id\":\"https:\\\/\\\/www.tedexis.com\\\/servicios\\\/#primaryimage\"},\"thumbnailUrl\":\"https:\\\/\\\/tedexis.com\\\/wp\\\/wp-content\\\/uploads\\\/2014\\\/09\\\/web.png\",\"datePublished\":\"2013-07-03T15:32:51+00:00\",\"dateModified\":\"2024-05-24T18:13:34+00:00\",\"breadcrumb\":{\"@id\":\"https:\\\/\\\/www.tedexis.com\\\/servicios\\\/#breadcrumb\"},\"inLanguage\":\"en-US\",\"potentialAction\":[{\"@type\":\"ReadAction\",\"target\":[\"https:\\\/\\\/www.tedexis.com\\\/servicios\\\/\"]}]},{\"@type\":\"ImageObject\",\"inLanguage\":\"en-US\",\"@id\":\"https:\\\/\\\/www.tedexis.com\\\/servicios\\\/#primaryimage\",\"url\":\"https:\\\/\\\/tedexis.com\\\/wp\\\/wp-content\\\/uploads\\\/2014\\\/09\\\/web.png\",\"contentUrl\":\"https:\\\/\\\/tedexis.com\\\/wp\\\/wp-content\\\/uploads\\\/2014\\\/09\\\/web.png\"},{\"@type\":\"BreadcrumbList\",\"@id\":\"https:\\\/\\\/www.tedexis.com\\\/servicios\\\/#breadcrumb\",\"itemListElement\":[{\"@type\":\"ListItem\",\"position\":1,\"name\":\"Portada\",\"item\":\"https:\\\/\\\/www.tedexis.com\\\/\"},{\"@type\":\"ListItem\",\"position\":2,\"name\":\"Servicios\"}]},{\"@type\":\"WebSite\",\"@id\":\"https:\\\/\\\/www.tedexis.com\\\/#website\",\"url\":\"https:\\\/\\\/www.tedexis.com\\\/\",\"name\":\"Somos Tedexis - Soluciones m\u00f3viles seguras\",\"description\":\"Tedexis es una empresa l\u00edder en soluciones m\u00f3viles, mensajer\u00eda y gesti\u00f3n de tr\u00e1fico SMS en Am\u00e9rica Latina. Cont\u00e1ctanos hoy mismo.\",\"publisher\":{\"@id\":\"https:\\\/\\\/www.tedexis.com\\\/#organization\"},\"alternateName\":\"Tedexis\",\"potentialAction\":[{\"@type\":\"SearchAction\",\"target\":{\"@type\":\"EntryPoint\",\"urlTemplate\":\"https:\\\/\\\/www.tedexis.com\\\/?s={search_term_string}\"},\"query-input\":{\"@type\":\"PropertyValueSpecification\",\"valueRequired\":true,\"valueName\":\"search_term_string\"}}],\"inLanguage\":\"en-US\"},{\"@type\":\"Organization\",\"@id\":\"https:\\\/\\\/www.tedexis.com\\\/#organization\",\"name\":\"Tedexis\",\"alternateName\":\"Tedexis\",\"url\":\"https:\\\/\\\/www.tedexis.com\\\/\",\"logo\":{\"@type\":\"ImageObject\",\"inLanguage\":\"en-US\",\"@id\":\"https:\\\/\\\/www.tedexis.com\\\/#\\\/schema\\\/logo\\\/image\\\/\",\"url\":\"https:\\\/\\\/www.tedexis.com\\\/wp-content\\\/uploads\\\/2024\\\/06\\\/logo-tipografia-tedexis2-.png\",\"contentUrl\":\"https:\\\/\\\/www.tedexis.com\\\/wp-content\\\/uploads\\\/2024\\\/06\\\/logo-tipografia-tedexis2-.png\",\"width\":1240,\"height\":429,\"caption\":\"Tedexis\"},\"image\":{\"@id\":\"https:\\\/\\\/www.tedexis.com\\\/#\\\/schema\\\/logo\\\/image\\\/\"},\"sameAs\":[\"https:\\\/\\\/www.facebook.com\\\/Tedexis\",\"https:\\\/\\\/x.com\\\/tedexis\",\"https:\\\/\\\/www.linkedin.com\\\/company\\\/tedexis\\\/\"]}]}<\/script>\n<!-- \/ Yoast SEO plugin. -->","yoast_head_json":{"title":"Servicios - Somos Tedexis - Soluciones m\u00f3viles seguras","robots":{"index":"index","follow":"follow","max-snippet":"max-snippet:-1","max-image-preview":"max-image-preview:large","max-video-preview":"max-video-preview:-1"},"canonical":"https:\/\/www.tedexis.com\/en\/servicios\/","og_locale":"en_US","og_type":"article","og_title":"Servicios - Somos Tedexis - Soluciones m\u00f3viles seguras","og_description":"[row additional_class=\u00bbadd-top add-bottom-services servicios\u00bb][highlight_box icon=\u00bbhttps:\/\/tedexis.com\/wp\/wp-content\/uploads\/2013\/07\/banca.png\u00bb color=\u00bb#1daed9&#8243; link=\u00bb\u00bb link_title=\u00bbConocer m\u00e1s\u00bb]Es el conjunto de soluciones dise\u00f1adas para que los Bancos e Instituciones [&hellip;]","og_url":"https:\/\/www.tedexis.com\/en\/servicios\/","og_site_name":"Somos Tedexis - Soluciones m\u00f3viles seguras","article_publisher":"https:\/\/www.facebook.com\/Tedexis","article_modified_time":"2024-05-24T18:13:34+00:00","og_image":[{"url":"https:\/\/tedexis.com\/wp\/wp-content\/uploads\/2014\/09\/web.png","type":"","width":"","height":""}],"twitter_card":"summary_large_image","twitter_site":"@tedexis","twitter_misc":{"Est. reading time":"2 minutes"},"schema":{"@context":"https:\/\/schema.org","@graph":[{"@type":"WebPage","@id":"https:\/\/www.tedexis.com\/servicios\/","url":"https:\/\/www.tedexis.com\/servicios\/","name":"Servicios - Somos Tedexis - Soluciones m\u00f3viles seguras","isPartOf":{"@id":"https:\/\/www.tedexis.com\/#website"},"primaryImageOfPage":{"@id":"https:\/\/www.tedexis.com\/servicios\/#primaryimage"},"image":{"@id":"https:\/\/www.tedexis.com\/servicios\/#primaryimage"},"thumbnailUrl":"https:\/\/tedexis.com\/wp\/wp-content\/uploads\/2014\/09\/web.png","datePublished":"2013-07-03T15:32:51+00:00","dateModified":"2024-05-24T18:13:34+00:00","breadcrumb":{"@id":"https:\/\/www.tedexis.com\/servicios\/#breadcrumb"},"inLanguage":"en-US","potentialAction":[{"@type":"ReadAction","target":["https:\/\/www.tedexis.com\/servicios\/"]}]},{"@type":"ImageObject","inLanguage":"en-US","@id":"https:\/\/www.tedexis.com\/servicios\/#primaryimage","url":"https:\/\/tedexis.com\/wp\/wp-content\/uploads\/2014\/09\/web.png","contentUrl":"https:\/\/tedexis.com\/wp\/wp-content\/uploads\/2014\/09\/web.png"},{"@type":"BreadcrumbList","@id":"https:\/\/www.tedexis.com\/servicios\/#breadcrumb","itemListElement":[{"@type":"ListItem","position":1,"name":"Portada","item":"https:\/\/www.tedexis.com\/"},{"@type":"ListItem","position":2,"name":"Servicios"}]},{"@type":"WebSite","@id":"https:\/\/www.tedexis.com\/#website","url":"https:\/\/www.tedexis.com\/","name":"Somos Tedexis - Soluciones m\u00f3viles seguras","description":"Tedexis es una empresa l\u00edder en soluciones m\u00f3viles, mensajer\u00eda y gesti\u00f3n de tr\u00e1fico SMS en Am\u00e9rica Latina. Cont\u00e1ctanos hoy mismo.","publisher":{"@id":"https:\/\/www.tedexis.com\/#organization"},"alternateName":"Tedexis","potentialAction":[{"@type":"SearchAction","target":{"@type":"EntryPoint","urlTemplate":"https:\/\/www.tedexis.com\/?s={search_term_string}"},"query-input":{"@type":"PropertyValueSpecification","valueRequired":true,"valueName":"search_term_string"}}],"inLanguage":"en-US"},{"@type":"Organization","@id":"https:\/\/www.tedexis.com\/#organization","name":"Tedexis","alternateName":"Tedexis","url":"https:\/\/www.tedexis.com\/","logo":{"@type":"ImageObject","inLanguage":"en-US","@id":"https:\/\/www.tedexis.com\/#\/schema\/logo\/image\/","url":"https:\/\/www.tedexis.com\/wp-content\/uploads\/2024\/06\/logo-tipografia-tedexis2-.png","contentUrl":"https:\/\/www.tedexis.com\/wp-content\/uploads\/2024\/06\/logo-tipografia-tedexis2-.png","width":1240,"height":429,"caption":"Tedexis"},"image":{"@id":"https:\/\/www.tedexis.com\/#\/schema\/logo\/image\/"},"sameAs":["https:\/\/www.facebook.com\/Tedexis","https:\/\/x.com\/tedexis","https:\/\/www.linkedin.com\/company\/tedexis\/"]}]}},"_links":{"self":[{"href":"https:\/\/www.tedexis.com\/en\/wp-json\/wp\/v2\/pages\/130","targetHints":{"allow":["GET"]}}],"collection":[{"href":"https:\/\/www.tedexis.com\/en\/wp-json\/wp\/v2\/pages"}],"about":[{"href":"https:\/\/www.tedexis.com\/en\/wp-json\/wp\/v2\/types\/page"}],"author":[{"embeddable":true,"href":"https:\/\/www.tedexis.com\/en\/wp-json\/wp\/v2\/users\/1"}],"replies":[{"embeddable":true,"href":"https:\/\/www.tedexis.com\/en\/wp-json\/wp\/v2\/comments?post=130"}],"version-history":[{"count":130,"href":"https:\/\/www.tedexis.com\/en\/wp-json\/wp\/v2\/pages\/130\/revisions"}],"predecessor-version":[{"id":3070,"href":"https:\/\/www.tedexis.com\/en\/wp-json\/wp\/v2\/pages\/130\/revisions\/3070"}],"wp:attachment":[{"href":"https:\/\/www.tedexis.com\/en\/wp-json\/wp\/v2\/media?parent=130"}],"curies":[{"name":"wp","href":"https:\/\/api.w.org\/{rel}","templated":true}]}}